{"id":924,"date":"2023-06-05T12:38:49","date_gmt":"2023-06-05T09:38:49","guid":{"rendered":"https:\/\/paikallis-sahko.fi\/?page_id=924"},"modified":"2026-04-21T10:20:11","modified_gmt":"2026-04-21T07:20:11","slug":"eng","status":"publish","type":"page","link":"https:\/\/paikallis-sahko.fi\/en\/eng\/","title":{"rendered":"Frontpage"},"content":{"rendered":"\n<section id=\"default-anchor-69f376cecc949\" class=\"block block-hero-50-50 container-fluid \">\n    <div class=\"container\">\n        <div class=\"row justify-content-between\">\n            \n\n<section id=\"default-anchor-69f376cec9d87\" class=\"block-inner block-hero-50-50-text col-12 col-md-6 col-lg-5  d-flex align-items-center\">\n    <div class=\"entry-content\">\n        \n\n<h1 class=\"wp-block-heading\"><strong><mark style=\"background-color:rgba(0, 0, 0, 0)\" class=\"has-inline-color has-red-color\">Paikallis-S\u00e4hk\u00f6<\/mark><strong> \u2013 LEADING EXPERTISE IN NORTHERN FINLAND<\/strong><\/strong><\/h1>\n\n\n\n<p>Paikallis-S\u00e4hk\u00f6 is Northern Finland\u2019s leading electrical contractor. We are a team of 180 professionals that offers a wide selection of electricity contracting and security solutions as well as repair and maintenance services. Our located offices in Kajaani, Kuhmo, Kuusamo, Oulu, Paltamo, Pyh\u00e4joki, Sotkamo and Suomussalmi cover the whole Northern Finland. Established in 1959, Paikallis-S\u00e4hk\u00f6 enjoys a strong reputation in all these regions.<br><\/p>\n\n\n    <\/div>\n<\/section>\n\n\n<section id=\"default-anchor-69f376cecc804\" class=\"block-inner block-hero-50-50-image col-12 col-md-6  d-flex \">\n    <div class=\"entry-content\">\n        \n\n<figure class=\"wp-block-image size-large\"><img loading=\"lazy\" decoding=\"async\" width=\"1024\" height=\"683\" src=\"https:\/\/paikallis-sahko.fi\/wp-content\/uploads\/sites\/2\/2023\/04\/Paikallis-Sahko_110423_web_RM_09594-1024x683.jpg\" alt=\"\" class=\"wp-image-273\" srcset=\"https:\/\/paikallis-sahko.fi\/wp-content\/uploads\/sites\/2\/2023\/04\/Paikallis-Sahko_110423_web_RM_09594-1024x683.jpg 1024w, https:\/\/paikallis-sahko.fi\/wp-content\/uploads\/sites\/2\/2023\/04\/Paikallis-Sahko_110423_web_RM_09594-300x200.jpg 300w, https:\/\/paikallis-sahko.fi\/wp-content\/uploads\/sites\/2\/2023\/04\/Paikallis-Sahko_110423_web_RM_09594-768x512.jpg 768w, https:\/\/paikallis-sahko.fi\/wp-content\/uploads\/sites\/2\/2023\/04\/Paikallis-Sahko_110423_web_RM_09594-1536x1024.jpg 1536w, https:\/\/paikallis-sahko.fi\/wp-content\/uploads\/sites\/2\/2023\/04\/Paikallis-Sahko_110423_web_RM_09594-1920x1280.jpg 1920w, https:\/\/paikallis-sahko.fi\/wp-content\/uploads\/sites\/2\/2023\/04\/Paikallis-Sahko_110423_web_RM_09594.jpg 2048w\" sizes=\"auto, (max-width: 575px) 100vw, (max-width: 767px) 510px, (max-width: 991px) 290px, (max-width: 1199px) 530px, 840px\" \/><\/figure>\n\n\n    <\/div>\n<\/section>\n\n        <\/div>\n    <\/div>\n<\/section>\n\n\n<section id=\"default-anchor-69f376cecd625\" class=\"block block-content-50-50 container-fluid\">\n    <div class=\"container\">\n\n        <div class=\"row \">\n\n            <div class=\"col-12 col-lg-6\">\n                <div class=\"image-wrapper\">\n                    <img decoding=\"async\" src=\"https:\/\/paikallis-sahko.fi\/wp-content\/uploads\/sites\/2\/2023\/04\/Paikallis-Sahko_110423_web_RM_09901.jpg\" width=\"2048\" height=\"1365\" alt=\"\" loading=\"lazy\">                <\/div>\n            <\/div>\n\n            <div class=\"col-12 col-lg-6 col-xl-5 offset-xl-1 d-flex align-items-center\">\n                <main class=\"entry-content\">\n                    \n\n<h2 class=\"wp-block-heading\">Paikallis-S\u00e4hk\u00f6 delivers professional electricity contracting<\/h2>\n\n\n\n<p>Paikallis-S\u00e4hk\u00f6\u2019s customers include institutional and public property owners, retail chains, industrial companies from many fields, versatile service companies as well as private households. We commit to managing all tasks responsibly, from hospital electrification to your summer cottage\u2019s ICT network or vehicle charging station.<\/p>\n\n\n\n<p>Paikallis-S\u00e4hk\u00f6&#8217;s advance maintenance service offers our customers a new state-of-the-art electrical system service. We have also many specialties such as thermal imaging. It helps us provide an advance view to maintenance services in different properties.<\/p>\n\n\n\n<p>The central values of our operation are high professionalism and reliability in both planning, implementation and delivery, as well as sustainable development and being kind to people. We solve the needs of our customers with dignity, quality, and profitability.<\/p>\n\n\n                <\/main>\n            <\/div>\n\n        <\/div>\n\n    <\/div>\n<\/section>\n\n\n<section id=\"default-anchor-69f376cecdecf\" class=\"block block-content-50-50 container-fluid\">\n    <div class=\"container\">\n\n        <div class=\"row d-flex flex-row-reverse\">\n\n            <div class=\"col-12 col-lg-6 offset-lg-1\">\n                <div class=\"image-wrapper\">\n                    <img decoding=\"async\" src=\"https:\/\/paikallis-sahko.fi\/wp-content\/uploads\/sites\/2\/2023\/04\/Paikallis-Sahko_110423_web_RM_09557-1.jpg\" width=\"2048\" height=\"1365\" alt=\"\" loading=\"lazy\">                <\/div>\n            <\/div>\n\n            <div class=\"col-12 col-lg-5 d-flex align-items-center\">\n                <main class=\"entry-content\">\n                    \n\n<h2 class=\"wp-block-heading\">A culture of quality and sustainability<\/h2>\n\n\n\n<p>Over the years, Paikallis-S\u00e4hk\u00f6 has received numerous national recognitions and awards for our professional work standards. We also consider the representation of well-known branded products and electrical contracting contracts for large construction sites as a sign of trust in our expertise. Over the years, we have made several acquisitions, which have expanded the range of our services as well as the geographical coverage.<\/p>\n\n\n\n<p>Our goal is to remain the best operator in our region. Our quality and environmental systems cover all our operations, and we always act in accordance with them. What is more, we like to show the company&#8217;s good spirit, joy of work and honest professional pride to our customers and the society.<\/p>\n\n\n\n<p>Paikallis-S\u00e4hk\u00f6 is part of Nimlas, one of the largest technical installations companies in Finland.<br><\/p>\n\n\n\n<div class=\"wp-block-button\"><a class=\"wp-block-button__link wp-element-button\" href=\"https:\/\/nimlas.fi\" target=\"_blank\" rel=\"noreferrer noopener\">Read more about Nimlas<\/a><\/div>\n\n\n                <\/main>\n            <\/div>\n\n        <\/div>\n\n    <\/div>\n<\/section>","protected":false},"excerpt":{"rendered":"","protected":false},"author":1,"featured_media":0,"parent":0,"menu_order":0,"comment_status":"closed","ping_status":"closed","template":"","meta":{"_acf_changed":false,"_relevanssi_hide_post":"","_relevanssi_hide_content":"","_relevanssi_pin_for_all":"","_relevanssi_pin_keywords":"","_relevanssi_unpin_keywords":"","_relevanssi_related_keywords":"","_relevanssi_related_include_ids":"","_relevanssi_related_exclude_ids":"","_relevanssi_related_no_append":"","_relevanssi_related_not_related":"","_relevanssi_related_posts":"1309,1132,1183,1206,1136,1216","_relevanssi_noindex_reason":"","footnotes":""},"class_list":["post-924","page","type-page","status-publish","hentry"],"acf":[],"yoast_head":"<!-- This site is optimized with the Yoast SEO plugin v27.4 - https:\/\/yoast.com\/product\/yoast-seo-wordpress\/ -->\n<title>Paikallis S\u00e4hk\u00f6 Oy - Leading Expertise in Northern Finland<\/title>\n<meta name=\"description\" content=\"Paikallis-S\u00e4hk\u00f6, Northern Finland&#039;s leading electrical contractor, also provides security and solar power solutions.\" \/>\n<meta name=\"robots\" content=\"index, follow, max-snippet:-1, max-image-preview:large, max-video-preview:-1\" \/>\n<link rel=\"canonical\" href=\"https:\/\/paikallis-sahko.fi\/en\/eng\/\" \/>\n<meta property=\"og:locale\" content=\"en_US\" \/>\n<meta property=\"og:type\" content=\"article\" \/>\n<meta property=\"og:title\" content=\"Frontpage\" \/>\n<meta property=\"og:description\" content=\"Paikallis-S\u00e4hk\u00f6 \u2013 Leading expertise in Northern Finland\" \/>\n<meta property=\"og:url\" content=\"https:\/\/paikallis-sahko.fi\/en\/eng\/\" \/>\n<meta property=\"og:site_name\" content=\"Paikallis S\u00e4hk\u00f6 Oy\" \/>\n<meta property=\"article:publisher\" content=\"https:\/\/www.facebook.com\/p\/Paikallis-Shk-Oy-100063841823277\/\" \/>\n<meta property=\"article:modified_time\" content=\"2026-04-21T07:20:11+00:00\" \/>\n<meta property=\"og:image\" content=\"https:\/\/paikallis-sahko.fi\/wp-content\/uploads\/sites\/2\/2023\/04\/Paikallis-Sahko_110423_web_RM_09594.jpg\" \/>\n\t<meta property=\"og:image:width\" content=\"2048\" \/>\n\t<meta property=\"og:image:height\" content=\"1365\" \/>\n\t<meta property=\"og:image:type\" content=\"image\/jpeg\" \/>\n<meta name=\"twitter:card\" content=\"summary_large_image\" \/>\n<meta name=\"twitter:site\" content=\"@PSahko\" \/>\n<meta name=\"twitter:label1\" content=\"Est. reading time\" \/>\n\t<meta name=\"twitter:data1\" content=\"5 minutes\" \/>\n<script type=\"application\/ld+json\" class=\"yoast-schema-graph\">{\"@context\":\"https:\\\/\\\/schema.org\",\"@graph\":[{\"@type\":\"WebPage\",\"@id\":\"https:\\\/\\\/paikallis-sahko.fi\\\/en\\\/eng\\\/\",\"url\":\"https:\\\/\\\/paikallis-sahko.fi\\\/en\\\/eng\\\/\",\"name\":\"Paikallis S\u00e4hk\u00f6 Oy - Leading Expertise in Northern Finland\",\"isPartOf\":{\"@id\":\"https:\\\/\\\/paikallis-sahko.fi\\\/en\\\/#website\"},\"primaryImageOfPage\":{\"@id\":\"https:\\\/\\\/paikallis-sahko.fi\\\/en\\\/eng\\\/#primaryimage\"},\"image\":{\"@id\":\"https:\\\/\\\/paikallis-sahko.fi\\\/en\\\/eng\\\/#primaryimage\"},\"thumbnailUrl\":\"https:\\\/\\\/paikallis-sahko.fi\\\/wp-content\\\/uploads\\\/sites\\\/2\\\/2023\\\/04\\\/Paikallis-Sahko_110423_web_RM_09594-1024x683.jpg\",\"datePublished\":\"2023-06-05T09:38:49+00:00\",\"dateModified\":\"2026-04-21T07:20:11+00:00\",\"description\":\"Paikallis-S\u00e4hk\u00f6, Northern Finland's leading electrical contractor, also provides security and solar power solutions.\",\"breadcrumb\":{\"@id\":\"https:\\\/\\\/paikallis-sahko.fi\\\/en\\\/eng\\\/#breadcrumb\"},\"inLanguage\":\"en-US\",\"potentialAction\":[{\"@type\":\"ReadAction\",\"target\":[\"https:\\\/\\\/paikallis-sahko.fi\\\/en\\\/eng\\\/\"]}]},{\"@type\":\"ImageObject\",\"inLanguage\":\"en-US\",\"@id\":\"https:\\\/\\\/paikallis-sahko.fi\\\/en\\\/eng\\\/#primaryimage\",\"url\":\"https:\\\/\\\/paikallis-sahko.fi\\\/wp-content\\\/uploads\\\/sites\\\/2\\\/2023\\\/04\\\/Paikallis-Sahko_110423_web_RM_09594-1024x683.jpg\",\"contentUrl\":\"https:\\\/\\\/paikallis-sahko.fi\\\/wp-content\\\/uploads\\\/sites\\\/2\\\/2023\\\/04\\\/Paikallis-Sahko_110423_web_RM_09594-1024x683.jpg\"},{\"@type\":\"BreadcrumbList\",\"@id\":\"https:\\\/\\\/paikallis-sahko.fi\\\/en\\\/eng\\\/#breadcrumb\",\"itemListElement\":[{\"@type\":\"ListItem\",\"position\":1,\"name\":\"Etusivu\",\"item\":\"https:\\\/\\\/paikallis-sahko.fi\\\/en\\\/\"},{\"@type\":\"ListItem\",\"position\":2,\"name\":\"Frontpage\"}]},{\"@type\":\"WebSite\",\"@id\":\"https:\\\/\\\/paikallis-sahko.fi\\\/en\\\/#website\",\"url\":\"https:\\\/\\\/paikallis-sahko.fi\\\/en\\\/\",\"name\":\"Paikallis S\u00e4hk\u00f6 Oy\",\"description\":\"Me Paikallis-S\u00e4hk\u00f6ll\u00e4 asennamme, huollamme ja modernisoimme Pohjois-Suomen s\u00e4hk\u00f6j\u00e4 yli 150 ammattilaisen voimin.\",\"publisher\":{\"@id\":\"https:\\\/\\\/paikallis-sahko.fi\\\/en\\\/#organization\"},\"potentialAction\":[{\"@type\":\"SearchAction\",\"target\":{\"@type\":\"EntryPoint\",\"urlTemplate\":\"https:\\\/\\\/paikallis-sahko.fi\\\/en\\\/?s={search_term_string}\"},\"query-input\":{\"@type\":\"PropertyValueSpecification\",\"valueRequired\":true,\"valueName\":\"search_term_string\"}}],\"inLanguage\":\"en-US\"},{\"@type\":\"Organization\",\"@id\":\"https:\\\/\\\/paikallis-sahko.fi\\\/en\\\/#organization\",\"name\":\"Paikallis S\u00e4hk\u00f6 Oy\",\"url\":\"https:\\\/\\\/paikallis-sahko.fi\\\/en\\\/\",\"logo\":{\"@type\":\"ImageObject\",\"inLanguage\":\"en-US\",\"@id\":\"https:\\\/\\\/paikallis-sahko.fi\\\/en\\\/#\\\/schema\\\/logo\\\/image\\\/\",\"url\":\"https:\\\/\\\/paikallis-sahko.fi\\\/wp-content\\\/uploads\\\/sites\\\/2\\\/2023\\\/06\\\/Paikallis-sa\u0308hko\u0308-logo-crop.png\",\"contentUrl\":\"https:\\\/\\\/paikallis-sahko.fi\\\/wp-content\\\/uploads\\\/sites\\\/2\\\/2023\\\/06\\\/Paikallis-sa\u0308hko\u0308-logo-crop.png\",\"width\":834,\"height\":229,\"caption\":\"Paikallis S\u00e4hk\u00f6 Oy\"},\"image\":{\"@id\":\"https:\\\/\\\/paikallis-sahko.fi\\\/en\\\/#\\\/schema\\\/logo\\\/image\\\/\"},\"sameAs\":[\"https:\\\/\\\/www.facebook.com\\\/p\\\/Paikallis-Shk-Oy-100063841823277\\\/\",\"https:\\\/\\\/x.com\\\/PSahko\"]}]}<\/script>\n<!-- \/ Yoast SEO plugin. -->","yoast_head_json":{"title":"Paikallis S\u00e4hk\u00f6 Oy - Leading Expertise in Northern Finland","description":"Paikallis-S\u00e4hk\u00f6, Northern Finland's leading electrical contractor, also provides security and solar power solutions.","robots":{"index":"index","follow":"follow","max-snippet":"max-snippet:-1","max-image-preview":"max-image-preview:large","max-video-preview":"max-video-preview:-1"},"canonical":"https:\/\/paikallis-sahko.fi\/en\/eng\/","og_locale":"en_US","og_type":"article","og_title":"Frontpage","og_description":"Paikallis-S\u00e4hk\u00f6 \u2013 Leading expertise in Northern Finland","og_url":"https:\/\/paikallis-sahko.fi\/en\/eng\/","og_site_name":"Paikallis S\u00e4hk\u00f6 Oy","article_publisher":"https:\/\/www.facebook.com\/p\/Paikallis-Shk-Oy-100063841823277\/","article_modified_time":"2026-04-21T07:20:11+00:00","og_image":[{"width":2048,"height":1365,"url":"https:\/\/paikallis-sahko.fi\/wp-content\/uploads\/sites\/2\/2023\/04\/Paikallis-Sahko_110423_web_RM_09594.jpg","type":"image\/jpeg"}],"twitter_card":"summary_large_image","twitter_site":"@PSahko","twitter_misc":{"Est. reading time":"5 minutes"},"schema":{"@context":"https:\/\/schema.org","@graph":[{"@type":"WebPage","@id":"https:\/\/paikallis-sahko.fi\/en\/eng\/","url":"https:\/\/paikallis-sahko.fi\/en\/eng\/","name":"Paikallis S\u00e4hk\u00f6 Oy - Leading Expertise in Northern Finland","isPartOf":{"@id":"https:\/\/paikallis-sahko.fi\/en\/#website"},"primaryImageOfPage":{"@id":"https:\/\/paikallis-sahko.fi\/en\/eng\/#primaryimage"},"image":{"@id":"https:\/\/paikallis-sahko.fi\/en\/eng\/#primaryimage"},"thumbnailUrl":"https:\/\/paikallis-sahko.fi\/wp-content\/uploads\/sites\/2\/2023\/04\/Paikallis-Sahko_110423_web_RM_09594-1024x683.jpg","datePublished":"2023-06-05T09:38:49+00:00","dateModified":"2026-04-21T07:20:11+00:00","description":"Paikallis-S\u00e4hk\u00f6, Northern Finland's leading electrical contractor, also provides security and solar power solutions.","breadcrumb":{"@id":"https:\/\/paikallis-sahko.fi\/en\/eng\/#breadcrumb"},"inLanguage":"en-US","potentialAction":[{"@type":"ReadAction","target":["https:\/\/paikallis-sahko.fi\/en\/eng\/"]}]},{"@type":"ImageObject","inLanguage":"en-US","@id":"https:\/\/paikallis-sahko.fi\/en\/eng\/#primaryimage","url":"https:\/\/paikallis-sahko.fi\/wp-content\/uploads\/sites\/2\/2023\/04\/Paikallis-Sahko_110423_web_RM_09594-1024x683.jpg","contentUrl":"https:\/\/paikallis-sahko.fi\/wp-content\/uploads\/sites\/2\/2023\/04\/Paikallis-Sahko_110423_web_RM_09594-1024x683.jpg"},{"@type":"BreadcrumbList","@id":"https:\/\/paikallis-sahko.fi\/en\/eng\/#breadcrumb","itemListElement":[{"@type":"ListItem","position":1,"name":"Etusivu","item":"https:\/\/paikallis-sahko.fi\/en\/"},{"@type":"ListItem","position":2,"name":"Frontpage"}]},{"@type":"WebSite","@id":"https:\/\/paikallis-sahko.fi\/en\/#website","url":"https:\/\/paikallis-sahko.fi\/en\/","name":"Paikallis S\u00e4hk\u00f6 Oy","description":"Me Paikallis-S\u00e4hk\u00f6ll\u00e4 asennamme, huollamme ja modernisoimme Pohjois-Suomen s\u00e4hk\u00f6j\u00e4 yli 150 ammattilaisen voimin.","publisher":{"@id":"https:\/\/paikallis-sahko.fi\/en\/#organization"},"potentialAction":[{"@type":"SearchAction","target":{"@type":"EntryPoint","urlTemplate":"https:\/\/paikallis-sahko.fi\/en\/?s={search_term_string}"},"query-input":{"@type":"PropertyValueSpecification","valueRequired":true,"valueName":"search_term_string"}}],"inLanguage":"en-US"},{"@type":"Organization","@id":"https:\/\/paikallis-sahko.fi\/en\/#organization","name":"Paikallis S\u00e4hk\u00f6 Oy","url":"https:\/\/paikallis-sahko.fi\/en\/","logo":{"@type":"ImageObject","inLanguage":"en-US","@id":"https:\/\/paikallis-sahko.fi\/en\/#\/schema\/logo\/image\/","url":"https:\/\/paikallis-sahko.fi\/wp-content\/uploads\/sites\/2\/2023\/06\/Paikallis-sa\u0308hko\u0308-logo-crop.png","contentUrl":"https:\/\/paikallis-sahko.fi\/wp-content\/uploads\/sites\/2\/2023\/06\/Paikallis-sa\u0308hko\u0308-logo-crop.png","width":834,"height":229,"caption":"Paikallis S\u00e4hk\u00f6 Oy"},"image":{"@id":"https:\/\/paikallis-sahko.fi\/en\/#\/schema\/logo\/image\/"},"sameAs":["https:\/\/www.facebook.com\/p\/Paikallis-Shk-Oy-100063841823277\/","https:\/\/x.com\/PSahko"]}]}},"_links":{"self":[{"href":"https:\/\/paikallis-sahko.fi\/en\/wp-json\/wp\/v2\/pages\/924","targetHints":{"allow":["GET"]}}],"collection":[{"href":"https:\/\/paikallis-sahko.fi\/en\/wp-json\/wp\/v2\/pages"}],"about":[{"href":"https:\/\/paikallis-sahko.fi\/en\/wp-json\/wp\/v2\/types\/page"}],"author":[{"embeddable":true,"href":"https:\/\/paikallis-sahko.fi\/en\/wp-json\/wp\/v2\/users\/1"}],"replies":[{"embeddable":true,"href":"https:\/\/paikallis-sahko.fi\/en\/wp-json\/wp\/v2\/comments?post=924"}],"version-history":[{"count":8,"href":"https:\/\/paikallis-sahko.fi\/en\/wp-json\/wp\/v2\/pages\/924\/revisions"}],"predecessor-version":[{"id":2028,"href":"https:\/\/paikallis-sahko.fi\/en\/wp-json\/wp\/v2\/pages\/924\/revisions\/2028"}],"wp:attachment":[{"href":"https:\/\/paikallis-sahko.fi\/en\/wp-json\/wp\/v2\/media?parent=924"}],"curies":[{"name":"wp","href":"https:\/\/api.w.org\/{rel}","templated":true}]}}