{"id":593,"date":"2023-04-25T16:14:32","date_gmt":"2023-04-25T13:14:32","guid":{"rendered":"https:\/\/paikallis-sahko.fi\/?page_id=593"},"modified":"2024-05-17T14:55:47","modified_gmt":"2024-05-17T11:55:47","slug":"tietosuojaseloste","status":"publish","type":"page","link":"https:\/\/paikallis-sahko.fi\/en\/tietosuojaseloste\/","title":{"rendered":"Tietosuojaseloste"},"content":{"rendered":"\n<section id=\"default-anchor-69f3796d72383\" class=\"block block-content-wrapper container-fluid container-fluid \">\n    <div class=\"container\">\n        <div class=\"row\">\n            <div class=\"col-12 col-lg-8 offset-lg-2\">\n                <main class=\"entry-content\">\n                    \n\n<h4 class=\"wp-block-heading\"><strong>Paikallis-S\u00e4hk\u00f6 Oy:n TIETOSUOJASELOSTE<\/strong><\/h4>\n\n\n\n<h5 class=\"wp-block-heading\"><strong>Rekisterinpit\u00e4j\u00e4<\/strong><\/h5>\n\n\n\n<p>Paikallis-S\u00e4hk\u00f6 Oy<br>Varastokatu 14<br>87100 Kajaani<\/p>\n\n\n\n<h5 class=\"wp-block-heading\"><strong>Yhteyshenkil\u00f6 tietosuojaa koskevissa asioissa<\/strong><\/h5>\n\n\n\n<p>Timo Ker\u00e4nen<br>Varastokatu 14, 87100 Kajaani<br>Puhelin: 045 605 9717<br>S\u00e4hk\u00f6posti: <a href=\"mailto:timo.keranen@paikallis-sahko.fi\">timo.keranen@paikallis-sahko.fi<\/a><br><br>Paikallis-S\u00e4hk\u00f6 on k\u00e4sitelt\u00e4vien henkil\u00f6tietojen rekisterinpit\u00e4j\u00e4 ja vastuussa siit\u00e4, ett\u00e4 k\u00e4sittely tapahtuu kulloinkin sovellettavan lains\u00e4\u00e4d\u00e4nn\u00f6n mukaisesti. Yhti\u00f6 noudattaa voimassa olevaa tietosuojalains\u00e4\u00e4d\u00e4nt\u00f6\u00e4, kuten EU:n tietosuoja-asetus (General Data Protection Regulation, GDPR) ja Tietosuojalaki (1050\/2018), edellytt\u00e4v\u00e4t.<\/p>\n\n\n\n<p>Tietosuojaselosteessa kerromme siit\u00e4, miten k\u00e4yt\u00e4mme meille luovutettavia tai ker\u00e4\u00e4mi\u00e4mme henkil\u00f6tietoja.<\/p>\n\n\n\n<h5 class=\"wp-block-heading\"><strong>Yleist\u00e4<\/strong><\/h5>\n\n\n\n<p>Henkil\u00f6tietojen k\u00e4sittelyn edellytyksen\u00e4 on asiakas- tai palvelussuhde tai muu niihin verrattava suhde Paikallis-S\u00e4hk\u00f6n toimintaan, henkil\u00f6n tai yhteis\u00f6n Paikallis-S\u00e4hk\u00f6lle antama toimeksianto tai Paikallis-S\u00e4hk\u00f6n ja rekister\u00f6idyn v\u00e4lisist\u00e4 sopimuksista sek\u00e4 lains\u00e4\u00e4d\u00e4nn\u00f6st\u00e4 johtuvien oikeuksien ja velvollisuuksien toteuttaminen.<\/p>\n\n\n\n<p>Jos otat Paikallis-S\u00e4hk\u00f6\u00f6n yhteytt\u00e4 puhelimitse, kirjeitse tai s\u00e4hk\u00f6postitse\/verkkosivujen v\u00e4lityksell\u00e4, saatamme my\u00f6s tallentaa yhteydenpidon mahdollisine henkil\u00f6tietoineen.<\/p>\n\n\n\n<p>Henkil\u00f6tieto = Kaikki tunnistettuun tai tunnistettavissa olevaan luonnolliseen henkil\u00f6\u00f6n liittyv\u00e4t tiedot (esim. nimi, s\u00e4hk\u00f6posti, puhelinnumero, osoite)<\/p>\n\n\n\n<p>Rekister\u00f6ity = luonnollinen henkil\u00f6, jonka henkil\u00f6tietoihin k\u00e4sittely kohdistuu<\/p>\n\n\n\n<p>K\u00e4sittelemme henkil\u00f6tietoja t\u00e4ytt\u00e4\u00e4ksemme lakis\u00e4\u00e4teiset tai muut sopimusvelvoitteemme ja hoitaaksemme velvollisuutemme ty\u00f6nantajana sek\u00e4 yhteisty\u00f6kumppanina. Tietoja k\u00e4sitell\u00e4\u00e4n noudattaen tietosuojalains\u00e4\u00e4d\u00e4nt\u00f6\u00e4 ja tietosuoja-asetuksessa m\u00e4\u00e4riteltyj\u00e4 perusperiaatteita sek\u00e4 hyv\u00e4\u00e4 tiedonhallinta- ja k\u00e4sittelytapaa varmistaaksemme, ettei kenenk\u00e4\u00e4n yksityisyys vaarannu.<\/p>\n\n\n\n<h5 class=\"wp-block-heading\"><strong>K\u00e4sittelyn tarkoitukset ja peruste<\/strong><\/h5>\n\n\n\n<p>Paikallis-S\u00e4hk\u00f6 k\u00e4sittelee henkil\u00f6tietojasi voidakseen panna t\u00e4yt\u00e4nt\u00f6\u00f6n sinun ja yhti\u00f6n v\u00e4lisen sopimuksen tai toteuttaakseen pyynn\u00f6st\u00e4si sopimuksen tekemist\u00e4 edelt\u00e4vi\u00e4 toimenpiteit\u00e4 (EU:n tietosuoja-asetuksen artikla 6.1 b).<\/p>\n\n\n\n<p>Paikallis-S\u00e4hk\u00f6ll\u00e4 on henkil\u00f6tietojesi k\u00e4sittelyyn my\u00f6s oikeutettu etu, joka liittyy Paikallis-S\u00e4hk\u00f6\u00e4 ja sen toimintaa koskevaan tiedotukseen ja markkinointiin (EU:n tietosuoja-asetuksen artikla 6.1 f).<\/p>\n\n\n\n<p>Paikallis-S\u00e4hk\u00f6 k\u00e4sittelee henkil\u00f6tietojasi my\u00f6s silt\u00e4 osin kuin k\u00e4sittely on tarpeen lakis\u00e4\u00e4teisen tai viranomaisp\u00e4\u00e4t\u00f6kseen perustuvan velvoitteen noudattamiseksi (EU:n tietosuoja-asetuksen artikla 6.1 c).<\/p>\n\n\n\n<p>Rekrytointi<\/p>\n\n\n\n<p>Henkil\u00f6tietojen k\u00e4sittely on v\u00e4ltt\u00e4m\u00e4t\u00f6nt\u00e4 ty\u00f6hakemusten k\u00e4sittelemiseksi ja rekrytoinnin toteuttamiseksi.<\/p>\n\n\n\n<p>Paikallis-S\u00e4hk\u00f6 ker\u00e4\u00e4 henkil\u00f6tietoja rekister\u00f6idylt\u00e4 itselt\u00e4\u00e4n ja rekrytointeja ja\/tai henkil\u00f6arviointia suorittavilta palveluntuottajilta. Paikallis-S\u00e4hk\u00f6 ker\u00e4\u00e4 henkil\u00f6tietoja osana avointen ty\u00f6paikkojen hakuprosessia. T\u00e4m\u00e4n lis\u00e4ksi Paikallis-S\u00e4hk\u00f6 ker\u00e4\u00e4 rekister\u00f6ityjen verkkosivujen kautta tai s\u00e4hk\u00f6postitse l\u00e4hett\u00e4mi\u00e4 avoimia ty\u00f6paikkahakemuksia.<\/p>\n\n\n\n<p>Rekrytointiprosessin yhteydess\u00e4 Paikallis-S\u00e4hk\u00f6 voi pyyt\u00e4\u00e4 rekister\u00f6idylt\u00e4 suostumusta henkil\u00f6- ja soveltuvuusarvion tai turvallisuusselvityksen toteuttamiseksi.<\/p>\n\n\n\n<h5 class=\"wp-block-heading\"><strong>Tietojen s\u00e4ilytys ja k\u00e4sittely<\/strong><\/h5>\n\n\n\n<p>Paikallis-S\u00e4hk\u00f6 k\u00e4sittelee tehtyihin sopimukseen liittyvi\u00e4 henkil\u00f6tietojasi sopimusten voimassaoloaikana ja niin kauan sen j\u00e4lkeen kuin Paikallis-S\u00e4hk\u00f6n kanssa tekem\u00e4si sopimuksen kaikkien velvoitteiden toteuttaminen sit\u00e4 edellytt\u00e4\u00e4.<\/p>\n\n\n\n<p>Sen j\u00e4lkeen Paikallis-S\u00e4hk\u00f6 s\u00e4ilytt\u00e4\u00e4 tiedot, jotka se on lains\u00e4\u00e4d\u00e4nn\u00f6n tai viranomaisp\u00e4\u00e4t\u00f6ksen mukaan velvollinen s\u00e4ilytt\u00e4m\u00e4\u00e4n, ja niin kauan kuin lains\u00e4\u00e4d\u00e4nt\u00f6 tai viranomaisp\u00e4\u00e4t\u00f6s sit\u00e4 edellytt\u00e4\u00e4 (esim. kirjanpitoaineisto).<\/p>\n\n\n\n<p>Paikallis-S\u00e4hk\u00f6 saattaa s\u00e4ilytt\u00e4\u00e4 yhteystietoja markkinointi- ja tiedotustarkoituksiin. T\u00e4llaisia tietoja s\u00e4ilytet\u00e4\u00e4n yleens\u00e4 enint\u00e4\u00e4n kaksi vuotta niiden luovutusp\u00e4iv\u00e4st\u00e4 lukien.&nbsp;<\/p>\n\n\n\n<p>Ty\u00f6nhakemustietoja s\u00e4ilytet\u00e4\u00e4n Paikallis-S\u00e4hk\u00f6ll\u00e4 kuusi (6) kuukautta hakemuksen tekemisest\u00e4 ja niit\u00e4 voidaan k\u00e4sitell\u00e4 my\u00f6s muiden mahdollisten ty\u00f6paikkojen t\u00e4ytt\u00e4mist\u00e4 koskevia valintoja varten, ellei ty\u00f6nhakija ole ilmoittanut rekisterinpit\u00e4j\u00e4lle, ett\u00e4 h\u00e4n haluaa hakemustaan k\u00e4sitelt\u00e4v\u00e4n vain tiettyyn nimenomaiseen teht\u00e4v\u00e4\u00e4n tai muuten pyyt\u00e4nyt k\u00e4sittelyn lopettamista.&nbsp; Mik\u00e4li henkil\u00f6 tulee valituksi teht\u00e4v\u00e4\u00e4n, tietoja voidaan s\u00e4ilytt\u00e4\u00e4 pidemp\u00e4\u00e4n. Tarvittaessa tietoja voidaan s\u00e4ilytt\u00e4\u00e4 kauemmin my\u00f6s lakiin perustuvan velvoitteen, kuten yhdenvertaisuuden, toteuttamiseksi tai sen asianmukaisen toteuttamisen n\u00e4ytt\u00e4miseksi.<\/p>\n\n\n\n<p>Poistamme tiedot pyydett\u00e4ess\u00e4.<\/p>\n\n\n\n<h5 class=\"wp-block-heading\"><strong>Tietojen luovutukset ja siirrot<\/strong><\/h5>\n\n\n\n<p>Paikallis-S\u00e4hk\u00f6 saattaa luovuttaa henkil\u00f6tietoja henkil\u00f6tietojen k\u00e4sittelij\u00f6ille tiedon tallennuksen sek\u00e4 j\u00e4rjestelmiemme huollon ja yll\u00e4pidon yhteydess\u00e4. Henkil\u00f6tietojen k\u00e4sittelij\u00e4t voivat my\u00f6s lukea, j\u00e4rjest\u00e4\u00e4 sek\u00e4 siirt\u00e4\u00e4 henkil\u00f6tietoja Paikallis-S\u00e4hk\u00f6n ohjeistuksen mukaan.<\/p>\n\n\n\n<p>Henkil\u00f6tietoja voidaan siirt\u00e4\u00e4 tai luovuttaa rekister\u00f6idyn tekem\u00e4n toimeksiannon toteuttamiseksi tai rekister\u00f6idyn suostumuksella my\u00f6s v\u00e4liaikaisiin rekistereihin, kuten kontaktointi-, tai tutkimusrekistereihin.<\/p>\n\n\n\n<p>Tarvittaessa Paikallis-S\u00e4hk\u00f6 siirt\u00e4\u00e4 rekister\u00f6ityjen henkil\u00f6tietoja rekrytointij\u00e4rjestelm\u00e4n toteuttavalle palveluntarjoajalle ja henkil\u00f6arviointeja suorittaville palveluntuottajille, jotka k\u00e4sittelev\u00e4t henkil\u00f6tietoja Paikallis-S\u00e4hk\u00f6:n toimeksiannosta ja lukuun.<\/p>\n\n\n\n<p>Edell\u00e4 mainittujen rekistereiden tietoja k\u00e4sitell\u00e4\u00e4n ainoastaan kunkin rekisterin k\u00e4ytt\u00f6tarkoituksia varten, erikseen informoidulla tavalla.<\/p>\n\n\n\n<p>P\u00e4\u00e4s\u00e4\u00e4nt\u00f6isesti Paikallis-S\u00e4hk\u00f6 ei siirr\u00e4 tai luovuta henkil\u00f6tietoja Euroopan unionin tai Euroopan talousalueen ulkopuolelle. Tietoja voidaan kuitenkin tarvittaessa siirt\u00e4\u00e4 tai luovuttaa Euroopan unionin tai Euroopan talousalueen ulkopuolelle, mik\u00e4li rekister\u00f6ity on antanut siihen suostumuksensa. Tietoja saatetaan siirt\u00e4\u00e4 EU:n ulkopuolelle, jos viestint\u00e4ty\u00f6kalut, verkkosivualustat tai olennaisesti toimintaa tukevia pilvipalveluja is\u00e4nn\u00f6iv\u00e4t datakeskukset sijaitsevat esimerkiksi Yhdysvalloissa.<\/p>\n\n\n\n<p>Mik\u00e4li henkil\u00f6tietoja siirret\u00e4\u00e4n EU\/ETA-alueen ulkopuolelle, siihen on lainmukaiset perusteet: Euroopan komissio on p\u00e4\u00e4tt\u00e4nyt, ett\u00e4 vastaanottajamaassa on varmistettu riitt\u00e4v\u00e4 tietosuojan taso, siirronsaaja on Privacy Shield -sertifioitu tai siirto tapahtuu EU:n komission julkaisemia vakiolausekkeita k\u00e4ytt\u00e4m\u00e4ll\u00e4. Mahdollinen tiedonsiirto toteutetaan lain edellytt\u00e4min perustein ja riitt\u00e4vin suojamekanismein.<\/p>\n\n\n\n<h5 class=\"wp-block-heading\"><strong>Tarkastusoikeus<\/strong><\/h5>\n\n\n\n<p>Sinulla on voimassa olevan lains\u00e4\u00e4d\u00e4nn\u00f6n mukaisesti oikeus tarkastaa, mit\u00e4 tietoja Paikallis-S\u00e4hk\u00f6 on tallentanut. Tarkastuspyynt\u00f6 tehd\u00e4\u00e4n toimittamalla kirjallinen ja allekirjoitettu tarkastuspyynt\u00f6 kohdassa 2. mainitulle yhteyshenkil\u00f6lle ja todistamalla henkil\u00f6llisyys luotettavalla tavalla.<\/p>\n\n\n\n<p>Tietopyynt\u00f6\u00f6n vastataan EU:n tietosuoja-asetuksessa s\u00e4\u00e4detyss\u00e4 ajassa (p\u00e4\u00e4s\u00e4\u00e4nt\u00f6isesti yhden (1) kuukauden kuluessa). Mik\u00e4li tietopyynn\u00f6t ovat ilmeisen perusteettomia tai kohtuuttomia, erityisesti jos niit\u00e4 esitet\u00e4\u00e4n toistuvasti, voidaan tietopyynt\u00f6ihin vastaamisesta ja niiden t\u00e4yt\u00e4nt\u00f6\u00f6npanosta peri\u00e4 niist\u00e4 aiheutuvat hallinnolliset kustannukset.<\/p>\n\n\n\n<p>Sinulla on oikeus pyyt\u00e4\u00e4 henkil\u00f6tietojesi oikaisemista, poistamista tai k\u00e4sittelyn rajoittamista. Sinulla on my\u00f6s oikeus vastustaa tietyn tyyppist\u00e4 henkil\u00f6tietojesi k\u00e4sittely\u00e4 sek\u00e4 peruuttaa annettu suostumus niiden k\u00e4ytt\u00f6\u00f6n. Henkil\u00f6 voi milloin vain peruuttaa suostumuksensa henkil\u00f6tietojen k\u00e4sittelyyn ottamalla yhteytt\u00e4 joko postitse tai s\u00e4hk\u00f6postitse.<\/p>\n\n\n\n<h5 class=\"wp-block-heading\"><strong>Turvallisuus<\/strong><\/h5>\n\n\n\n<p>Paikallis-S\u00e4hk\u00f6 k\u00e4sittelee henkil\u00f6tietojasi tavalla, joka t\u00e4ytt\u00e4\u00e4 EU:n tietosuoja-asetuksen artiklan 5 periaatteet. Paikallis-S\u00e4hk\u00f6 k\u00e4sittelee henkil\u00f6tietojasi tavalla, joka takaa asianmukaiset tekniset ja organisatoriset toimenpiteet henkil\u00f6tietojesi suojaamiseksi luvattomalta henkil\u00f6tietoihin p\u00e4\u00e4sylt\u00e4 tai lainvastaiselta k\u00e4sittelylt\u00e4 sek\u00e4 h\u00e4vi\u00e4miselt\u00e4, tuhoamiselta tai vahingossa tapahtuvalta vahingoittumiselta.<\/p>\n\n\n\n<p>Paikallis-S\u00e4hk\u00f6 k\u00e4ytt\u00e4\u00e4 henkil\u00f6tietojesi k\u00e4sittelyss\u00e4 turvallisia palvelimia ja rajoittaa p\u00e4\u00e4sy\u00e4 henkil\u00f6tietoihin organisaatiossa. Oikeus henkil\u00f6tietoihin p\u00e4\u00e4syyn annetaan vain henkil\u00f6ille, jotka ty\u00f6skentelev\u00e4t organisaatiossa tai henkil\u00f6tietojen k\u00e4sittelij\u00e4n ja t\u00e4m\u00e4n alik\u00e4sittelij\u00e4n palveluksessa, ja vain siksi, ett\u00e4 n\u00e4m\u00e4 voisivat hoitaa ty\u00f6teht\u00e4v\u00e4ns\u00e4.<\/p>\n\n\n\n<h5 class=\"wp-block-heading\"><strong>Tietosuojaselosteen muuttaminen<\/strong><\/h5>\n\n\n\n<p>Paikallis-S\u00e4hk\u00f6 varaa pid\u00e4tt\u00e4\u00e4 oikeuden muuttaa tietosuojaselostetta tarpeen mukaan, kuten lakeihin ja asetuksiin teht\u00e4vien muutosten noudattamiseksi. Muutettu tietosuojaseloste julkaistaan verkkosivuilla. Mik\u00e4li teemme t\u00e4h\u00e4n tietosuojatiedotteeseen muutoksia, emme ilmoita jokaisesta p\u00e4ivityksest\u00e4 erikseen k\u00e4ytt\u00e4jille.<\/p>\n\n\n                <\/main>\n            <\/div>\n\n                    <\/div>\n    <\/div>\n<\/section>","protected":false},"excerpt":{"rendered":"","protected":false},"author":3,"featured_media":0,"parent":0,"menu_order":0,"comment_status":"closed","ping_status":"closed","template":"","meta":{"_acf_changed":false,"_relevanssi_hide_post":"","_relevanssi_hide_content":"","_relevanssi_pin_for_all":"","_relevanssi_pin_keywords":"","_relevanssi_unpin_keywords":"","_relevanssi_related_keywords":"","_relevanssi_related_include_ids":"","_relevanssi_related_exclude_ids":"","_relevanssi_related_no_append":"","_relevanssi_related_not_related":"","_relevanssi_related_posts":"1183,1204,1141,1206,1145,1132","_relevanssi_noindex_reason":"","footnotes":""},"class_list":["post-593","page","type-page","status-publish","hentry"],"acf":[],"yoast_head":"<!-- This site is optimized with the Yoast SEO plugin v27.4 - https:\/\/yoast.com\/product\/yoast-seo-wordpress\/ -->\n<title>Tietosuojaseloste - Paikallis S\u00e4hk\u00f6 Oy<\/title>\n<meta name=\"robots\" content=\"index, follow, max-snippet:-1, max-image-preview:large, max-video-preview:-1\" \/>\n<link rel=\"canonical\" href=\"https:\/\/paikallis-sahko.fi\/en\/tietosuojaseloste\/\" \/>\n<meta property=\"og:locale\" content=\"en_US\" \/>\n<meta property=\"og:type\" content=\"article\" \/>\n<meta property=\"og:title\" content=\"Tietosuojaseloste - Paikallis S\u00e4hk\u00f6 Oy\" \/>\n<meta property=\"og:url\" content=\"https:\/\/paikallis-sahko.fi\/en\/tietosuojaseloste\/\" \/>\n<meta property=\"og:site_name\" content=\"Paikallis S\u00e4hk\u00f6 Oy\" \/>\n<meta property=\"article:publisher\" content=\"https:\/\/www.facebook.com\/p\/Paikallis-Shk-Oy-100063841823277\/\" \/>\n<meta property=\"article:modified_time\" content=\"2024-05-17T11:55:47+00:00\" \/>\n<meta property=\"og:image\" content=\"https:\/\/paikallis-sahko.fi\/wp-content\/uploads\/sites\/2\/2023\/04\/Paikallis-Sahko_110423_web_RM_09627-1.jpg\" \/>\n\t<meta property=\"og:image:width\" content=\"2048\" \/>\n\t<meta property=\"og:image:height\" content=\"1365\" \/>\n\t<meta property=\"og:image:type\" content=\"image\/jpeg\" \/>\n<meta name=\"twitter:card\" content=\"summary_large_image\" \/>\n<meta name=\"twitter:site\" content=\"@PSahko\" \/>\n<meta name=\"twitter:label1\" content=\"Est. reading time\" \/>\n\t<meta name=\"twitter:data1\" content=\"11 minutes\" \/>\n<script type=\"application\/ld+json\" class=\"yoast-schema-graph\">{\"@context\":\"https:\\\/\\\/schema.org\",\"@graph\":[{\"@type\":\"WebPage\",\"@id\":\"https:\\\/\\\/paikallis-sahko.fi\\\/en\\\/tietosuojaseloste\\\/\",\"url\":\"https:\\\/\\\/paikallis-sahko.fi\\\/en\\\/tietosuojaseloste\\\/\",\"name\":\"Tietosuojaseloste - Paikallis S\u00e4hk\u00f6 Oy\",\"isPartOf\":{\"@id\":\"https:\\\/\\\/paikallis-sahko.fi\\\/en\\\/#website\"},\"datePublished\":\"2023-04-25T13:14:32+00:00\",\"dateModified\":\"2024-05-17T11:55:47+00:00\",\"breadcrumb\":{\"@id\":\"https:\\\/\\\/paikallis-sahko.fi\\\/en\\\/tietosuojaseloste\\\/#breadcrumb\"},\"inLanguage\":\"en-US\",\"potentialAction\":[{\"@type\":\"ReadAction\",\"target\":[\"https:\\\/\\\/paikallis-sahko.fi\\\/en\\\/tietosuojaseloste\\\/\"]}]},{\"@type\":\"BreadcrumbList\",\"@id\":\"https:\\\/\\\/paikallis-sahko.fi\\\/en\\\/tietosuojaseloste\\\/#breadcrumb\",\"itemListElement\":[{\"@type\":\"ListItem\",\"position\":1,\"name\":\"Etusivu\",\"item\":\"https:\\\/\\\/paikallis-sahko.fi\\\/en\\\/\"},{\"@type\":\"ListItem\",\"position\":2,\"name\":\"Tietosuojaseloste\"}]},{\"@type\":\"WebSite\",\"@id\":\"https:\\\/\\\/paikallis-sahko.fi\\\/en\\\/#website\",\"url\":\"https:\\\/\\\/paikallis-sahko.fi\\\/en\\\/\",\"name\":\"Paikallis S\u00e4hk\u00f6 Oy\",\"description\":\"Me Paikallis-S\u00e4hk\u00f6ll\u00e4 asennamme, huollamme ja modernisoimme Pohjois-Suomen s\u00e4hk\u00f6j\u00e4 yli 150 ammattilaisen voimin.\",\"publisher\":{\"@id\":\"https:\\\/\\\/paikallis-sahko.fi\\\/en\\\/#organization\"},\"potentialAction\":[{\"@type\":\"SearchAction\",\"target\":{\"@type\":\"EntryPoint\",\"urlTemplate\":\"https:\\\/\\\/paikallis-sahko.fi\\\/en\\\/?s={search_term_string}\"},\"query-input\":{\"@type\":\"PropertyValueSpecification\",\"valueRequired\":true,\"valueName\":\"search_term_string\"}}],\"inLanguage\":\"en-US\"},{\"@type\":\"Organization\",\"@id\":\"https:\\\/\\\/paikallis-sahko.fi\\\/en\\\/#organization\",\"name\":\"Paikallis S\u00e4hk\u00f6 Oy\",\"url\":\"https:\\\/\\\/paikallis-sahko.fi\\\/en\\\/\",\"logo\":{\"@type\":\"ImageObject\",\"inLanguage\":\"en-US\",\"@id\":\"https:\\\/\\\/paikallis-sahko.fi\\\/en\\\/#\\\/schema\\\/logo\\\/image\\\/\",\"url\":\"https:\\\/\\\/paikallis-sahko.fi\\\/wp-content\\\/uploads\\\/sites\\\/2\\\/2023\\\/06\\\/Paikallis-sa\u0308hko\u0308-logo-crop.png\",\"contentUrl\":\"https:\\\/\\\/paikallis-sahko.fi\\\/wp-content\\\/uploads\\\/sites\\\/2\\\/2023\\\/06\\\/Paikallis-sa\u0308hko\u0308-logo-crop.png\",\"width\":834,\"height\":229,\"caption\":\"Paikallis S\u00e4hk\u00f6 Oy\"},\"image\":{\"@id\":\"https:\\\/\\\/paikallis-sahko.fi\\\/en\\\/#\\\/schema\\\/logo\\\/image\\\/\"},\"sameAs\":[\"https:\\\/\\\/www.facebook.com\\\/p\\\/Paikallis-Shk-Oy-100063841823277\\\/\",\"https:\\\/\\\/x.com\\\/PSahko\"]}]}<\/script>\n<!-- \/ Yoast SEO plugin. -->","yoast_head_json":{"title":"Tietosuojaseloste - Paikallis S\u00e4hk\u00f6 Oy","robots":{"index":"index","follow":"follow","max-snippet":"max-snippet:-1","max-image-preview":"max-image-preview:large","max-video-preview":"max-video-preview:-1"},"canonical":"https:\/\/paikallis-sahko.fi\/en\/tietosuojaseloste\/","og_locale":"en_US","og_type":"article","og_title":"Tietosuojaseloste - Paikallis S\u00e4hk\u00f6 Oy","og_url":"https:\/\/paikallis-sahko.fi\/en\/tietosuojaseloste\/","og_site_name":"Paikallis S\u00e4hk\u00f6 Oy","article_publisher":"https:\/\/www.facebook.com\/p\/Paikallis-Shk-Oy-100063841823277\/","article_modified_time":"2024-05-17T11:55:47+00:00","og_image":[{"width":2048,"height":1365,"url":"https:\/\/paikallis-sahko.fi\/wp-content\/uploads\/sites\/2\/2023\/04\/Paikallis-Sahko_110423_web_RM_09627-1.jpg","type":"image\/jpeg"}],"twitter_card":"summary_large_image","twitter_site":"@PSahko","twitter_misc":{"Est. reading time":"11 minutes"},"schema":{"@context":"https:\/\/schema.org","@graph":[{"@type":"WebPage","@id":"https:\/\/paikallis-sahko.fi\/en\/tietosuojaseloste\/","url":"https:\/\/paikallis-sahko.fi\/en\/tietosuojaseloste\/","name":"Tietosuojaseloste - Paikallis S\u00e4hk\u00f6 Oy","isPartOf":{"@id":"https:\/\/paikallis-sahko.fi\/en\/#website"},"datePublished":"2023-04-25T13:14:32+00:00","dateModified":"2024-05-17T11:55:47+00:00","breadcrumb":{"@id":"https:\/\/paikallis-sahko.fi\/en\/tietosuojaseloste\/#breadcrumb"},"inLanguage":"en-US","potentialAction":[{"@type":"ReadAction","target":["https:\/\/paikallis-sahko.fi\/en\/tietosuojaseloste\/"]}]},{"@type":"BreadcrumbList","@id":"https:\/\/paikallis-sahko.fi\/en\/tietosuojaseloste\/#breadcrumb","itemListElement":[{"@type":"ListItem","position":1,"name":"Etusivu","item":"https:\/\/paikallis-sahko.fi\/en\/"},{"@type":"ListItem","position":2,"name":"Tietosuojaseloste"}]},{"@type":"WebSite","@id":"https:\/\/paikallis-sahko.fi\/en\/#website","url":"https:\/\/paikallis-sahko.fi\/en\/","name":"Paikallis S\u00e4hk\u00f6 Oy","description":"Me Paikallis-S\u00e4hk\u00f6ll\u00e4 asennamme, huollamme ja modernisoimme Pohjois-Suomen s\u00e4hk\u00f6j\u00e4 yli 150 ammattilaisen voimin.","publisher":{"@id":"https:\/\/paikallis-sahko.fi\/en\/#organization"},"potentialAction":[{"@type":"SearchAction","target":{"@type":"EntryPoint","urlTemplate":"https:\/\/paikallis-sahko.fi\/en\/?s={search_term_string}"},"query-input":{"@type":"PropertyValueSpecification","valueRequired":true,"valueName":"search_term_string"}}],"inLanguage":"en-US"},{"@type":"Organization","@id":"https:\/\/paikallis-sahko.fi\/en\/#organization","name":"Paikallis S\u00e4hk\u00f6 Oy","url":"https:\/\/paikallis-sahko.fi\/en\/","logo":{"@type":"ImageObject","inLanguage":"en-US","@id":"https:\/\/paikallis-sahko.fi\/en\/#\/schema\/logo\/image\/","url":"https:\/\/paikallis-sahko.fi\/wp-content\/uploads\/sites\/2\/2023\/06\/Paikallis-sa\u0308hko\u0308-logo-crop.png","contentUrl":"https:\/\/paikallis-sahko.fi\/wp-content\/uploads\/sites\/2\/2023\/06\/Paikallis-sa\u0308hko\u0308-logo-crop.png","width":834,"height":229,"caption":"Paikallis S\u00e4hk\u00f6 Oy"},"image":{"@id":"https:\/\/paikallis-sahko.fi\/en\/#\/schema\/logo\/image\/"},"sameAs":["https:\/\/www.facebook.com\/p\/Paikallis-Shk-Oy-100063841823277\/","https:\/\/x.com\/PSahko"]}]}},"_links":{"self":[{"href":"https:\/\/paikallis-sahko.fi\/en\/wp-json\/wp\/v2\/pages\/593","targetHints":{"allow":["GET"]}}],"collection":[{"href":"https:\/\/paikallis-sahko.fi\/en\/wp-json\/wp\/v2\/pages"}],"about":[{"href":"https:\/\/paikallis-sahko.fi\/en\/wp-json\/wp\/v2\/types\/page"}],"author":[{"embeddable":true,"href":"https:\/\/paikallis-sahko.fi\/en\/wp-json\/wp\/v2\/users\/3"}],"replies":[{"embeddable":true,"href":"https:\/\/paikallis-sahko.fi\/en\/wp-json\/wp\/v2\/comments?post=593"}],"version-history":[{"count":5,"href":"https:\/\/paikallis-sahko.fi\/en\/wp-json\/wp\/v2\/pages\/593\/revisions"}],"predecessor-version":[{"id":1801,"href":"https:\/\/paikallis-sahko.fi\/en\/wp-json\/wp\/v2\/pages\/593\/revisions\/1801"}],"wp:attachment":[{"href":"https:\/\/paikallis-sahko.fi\/en\/wp-json\/wp\/v2\/media?parent=593"}],"curies":[{"name":"wp","href":"https:\/\/api.w.org\/{rel}","templated":true}]}}