{"id":409,"date":"2023-04-24T11:36:15","date_gmt":"2023-04-24T08:36:15","guid":{"rendered":"https:\/\/paikallis-sahko.fi\/?page_id=409"},"modified":"2023-07-04T09:24:58","modified_gmt":"2023-07-04T06:24:58","slug":"sahkoasemat","status":"publish","type":"page","link":"https:\/\/paikallis-sahko.fi\/en\/palvelut\/sahkoasemat\/","title":{"rendered":"S\u00e4hk\u00f6asemat"},"content":{"rendered":"\n<section id=\"default-anchor-69f3787db46b9\" class=\"block block-hero container-fluid\">\n    <div class=\"container\">\n        <div class=\"row\">\n            <div class=\"col-12\">\n                <div class=\"content\">\n                    <div class=\"row\">\n                        \n\n<div id=\"default-anchor-69f3787db3615\" class=\"block-innerblocks-container col-12 col-lg-6 block-column \">\n    <main class=\"entry-content\">\n        \n\n<h1 class=\"wp-block-heading\"><strong><strong><strong>S\u00e4hk\u00f6asemat<\/strong>&nbsp;<\/strong><\/strong><\/h1>\n\n\n    <\/main>\n<\/div>\n\n\n<div id=\"default-anchor-69f3787db377a\" class=\"block-innerblocks-container col-12 col-lg-6 block-column \">\n    <main class=\"entry-content\">\n        \n\n<p><\/p>\n\n\n\n\n    <\/main>\n<\/div>\n\n                    <\/div>\n                <\/div>\n            <\/div>\n\n\n            <div class=\"col-12 col-lg-8 offset-lg-2 image-col\">\n                                <div class=\"hero-image-wrapper\">\n                    <img decoding=\"async\" src=\"https:\/\/paikallis-sahko.fi\/wp-content\/uploads\/sites\/2\/2023\/04\/Paikallis-Sahko_110423_web_RM_09848-1.jpg\" width=\"2048\" height=\"1365\" class=\"hero-image no-lazy\" alt=\"\">                    <img decoding=\"async\" src=\"https:\/\/paikallis-sahko.fi\/wp-content\/uploads\/sites\/2\/2023\/04\/Paikallis-Sahko_110423_web_RM_09848-1.jpg\" width=\"2048\" height=\"1365\" class=\"hero-image-mobile no-lazy\" alt=\"\">                                    <\/div>\n                \n                            <\/div>\n        <\/div>\n    <\/div>\n<\/section>\n\n\n<section id=\"default-anchor-69f3787db4ac2\" class=\"block block-content-wrapper container-fluid container-fluid \">\n    <div class=\"container\">\n        <div class=\"row\">\n            <div class=\"col-12 col-lg-8\">\n                <main class=\"entry-content\">\n                    \n\n<p>Laadukkaasti, luotettavasti ja alan parhaalla ammattitaidolla rakennetut 110 \/ 20 kV s\u00e4hk\u00f6asemat ovat ratkaisevassa roolissa s\u00e4hk\u00f6verkon luotettavan toiminnan n\u00e4k\u00f6kulmasta. My\u00f6s s\u00e4hk\u00f6asemien saneeraus ja yll\u00e4pito on osattava toteuttaa oikea-aikaisesti ja suunnitellusti, jotta sek\u00e4 teollisuuden ett\u00e4 verkkoyhti\u00f6iden s\u00e4hk\u00f6nsaanti pystyt\u00e4\u00e4n varmistamaan. S\u00e4hk\u00f6njakelussa keskeytykset on my\u00f6s rakentamisen aikana pystytt\u00e4v\u00e4 minimoimaan. Kokemuksen kautta syntyv\u00e4 osaaminen on paras keino optimoida toteutustapa kaikissa tilanteissa.<\/p>\n\n\n\n<p>Kokeneeseen henkil\u00f6st\u00f6\u00f6n ja alan parhaaseen kalustoon perustuva, asiantunteva yll\u00e4pitopalvelu edellytt\u00e4\u00e4 jatkuvaa valmiutta ja nopeaa reagointia, sill\u00e4 s\u00e4hk\u00f6asemien toimintah\u00e4iri\u00f6t vaikeuttavat pahimmassa tapauksessa koko yhteiskunnan toimintakyky\u00e4. S\u00e4hk\u00f6asemiin kulminoituu palveluntarjoajan koko osaaminen \u2013 niiden kohdalla vain paras on riitt\u00e4v\u00e4n hyv\u00e4.<\/p>\n\n\n\n<h3 class=\"wp-block-heading\">Pohjois-Suomen teollisuuden johtava s\u00e4hk\u00f6ist\u00e4j\u00e4<\/h3>\n\n\n\n<p>Paikallis-S\u00e4hk\u00f6 rakentaa 110 \/ 20 kV s\u00e4hk\u00f6asemat vuosikymmenten kokemuksella, alan viimeisint\u00e4 tekniikkaa ja osaamista hy\u00f6dynt\u00e4en. Asiantuntijamme auttavat my\u00f6s s\u00e4hk\u00f6asemien esisuunnitteluvaiheessa. Mittava referenssilistamme etenkin suurille teollisuusyrityksille toteuttamistamme projekteista osoittavat sek\u00e4 ammattitaitomme ett\u00e4 toimintatapamme vastaavan hyvin t\u00e4m\u00e4n p\u00e4iv\u00e4n yksil\u00f6llisiin tarpeisiin ja vaativiin tilanteisiin.<\/p>\n\n\n\n<p>Luotettavan s\u00e4hk\u00f6njakelun varmistavaan palveluvalikoimaamme kuuluvat my\u00f6s teollisuuden s\u00e4hk\u00f6istysprojektit, keskij\u00e4nnitekaapeloinnit, muuntamot ja p\u00e4\u00e4keskukset, teollisuuden prosessikeskukset sek\u00e4 s\u00e4hk\u00f6verkkojen huoltosopimukset.<\/p>\n\n\n                <\/main>\n            <\/div>\n\n                        <div class=\"col-12 col-lg-4 col-xl-3 offset-xl-1\">\n                \n    <div class=\"nav-secondary\">\n        <ul class=\"menu top-menu\">\n            <li class=\"menu-item\">\n                <a href=\"https:\/\/paikallis-sahko.fi\/en\/palvelut\/\">Palvelut<\/a>\n                <ul class=\"sub-menu\">\n                                            <li class=\"menu-item\"><a href=\"https:\/\/paikallis-sahko.fi\/en\/palvelut\/aurinkopaneelit\/\" target=\"\">Aurinkopaneelit<\/a><\/li>\n                                            <li class=\"menu-item\"><a href=\"https:\/\/paikallis-sahko.fi\/en\/palvelut\/ennakkohuolto\/\" target=\"\">Ennakkohuoltopalvelut<\/a><\/li>\n                                            <li class=\"menu-item current\"><a href=\"https:\/\/paikallis-sahko.fi\/en\/palvelut\/sahkoasemat\/\" target=\"\">S\u00e4hk\u00f6asemat<\/a><\/li>\n                                            <li class=\"menu-item\"><a href=\"https:\/\/paikallis-sahko.fi\/en\/palvelut\/sahkoautojen-latausasemat\/\" target=\"\">S\u00e4hk\u00f6autojen latausasemat<\/a><\/li>\n                                            <li class=\"menu-item\"><a href=\"https:\/\/paikallis-sahko.fi\/en\/palvelut\/sahkohuolto-ja-yllapito\/\" target=\"\">S\u00e4hk\u00f6huolto ja yll\u00e4pito<\/a><\/li>\n                                            <li class=\"menu-item\"><a href=\"https:\/\/paikallis-sahko.fi\/en\/palvelut\/sahkourakointi\/\" target=\"\">S\u00e4hk\u00f6urakointi<\/a><\/li>\n                                            <li class=\"menu-item\"><a href=\"https:\/\/paikallis-sahko.fi\/en\/palvelut\/turvajarjestelmat\/\" target=\"\">Turvaj\u00e4rjestelm\u00e4t\u00a0<\/a><\/li>\n                                    <\/ul>\n            <\/li>\n        <\/ul>\n    <\/div>\n    \n            <\/div>\n                    <\/div>\n    <\/div>\n<\/section>","protected":false},"excerpt":{"rendered":"<p>S\u00e4hk\u00f6asemien toimintakyky vaikuttaa koko yhteiskunnan toimintakykyyn, joten niiden yll\u00e4pito edellytt\u00e4\u00e4 erityist\u00e4 ammattitaitoa ja valmiutta toimia nopeasti.<\/p>\n","protected":false},"author":3,"featured_media":0,"parent":178,"menu_order":0,"comment_status":"closed","ping_status":"closed","template":"","meta":{"_acf_changed":false,"_relevanssi_hide_post":"","_relevanssi_hide_content":"","_relevanssi_pin_for_all":"","_relevanssi_pin_keywords":"","_relevanssi_unpin_keywords":"","_relevanssi_related_keywords":"","_relevanssi_related_include_ids":"","_relevanssi_related_exclude_ids":"","_relevanssi_related_no_append":"","_relevanssi_related_not_related":"","_relevanssi_related_posts":"1216,1202,1145,1183,1206,1136","_relevanssi_noindex_reason":"","footnotes":""},"class_list":["post-409","page","type-page","status-publish","hentry"],"acf":[],"yoast_head":"<!-- This site is optimized with the Yoast SEO plugin v27.4 - https:\/\/yoast.com\/product\/yoast-seo-wordpress\/ -->\n<title>S\u00e4hk\u00f6asemat - Paikallis S\u00e4hk\u00f6 Oy<\/title>\n<meta name=\"description\" content=\"S\u00e4hk\u00f6asemien toimintakyky vaikuttaa koko yhteiskunnan toimintakykyyn, joten niiden yll\u00e4pito edellytt\u00e4\u00e4 erityist\u00e4 ammattitaitoa ja valmiutta toimia nopeasti.\" \/>\n<meta name=\"robots\" content=\"index, follow, max-snippet:-1, max-image-preview:large, max-video-preview:-1\" \/>\n<link rel=\"canonical\" href=\"https:\/\/paikallis-sahko.fi\/en\/palvelut\/sahkoasemat\/\" \/>\n<meta property=\"og:locale\" content=\"en_US\" \/>\n<meta property=\"og:type\" content=\"article\" \/>\n<meta property=\"og:title\" content=\"S\u00e4hk\u00f6asemat | Palvelumme\" \/>\n<meta property=\"og:description\" content=\"S\u00e4hk\u00f6asemat ovat ratkaisevassa roolissa s\u00e4hk\u00f6verkon luotettavan toiminnan kannalta\" \/>\n<meta property=\"og:url\" content=\"https:\/\/paikallis-sahko.fi\/en\/palvelut\/sahkoasemat\/\" \/>\n<meta property=\"og:site_name\" content=\"Paikallis S\u00e4hk\u00f6 Oy\" \/>\n<meta property=\"article:publisher\" content=\"https:\/\/www.facebook.com\/p\/Paikallis-Shk-Oy-100063841823277\/\" \/>\n<meta property=\"article:modified_time\" content=\"2023-07-04T06:24:58+00:00\" \/>\n<meta property=\"og:image\" content=\"https:\/\/paikallis-sahko.fi\/wp-content\/uploads\/sites\/2\/2023\/04\/Paikallis-Sahko_110423_web_RM_09824-1.jpg\" \/>\n\t<meta property=\"og:image:width\" content=\"2048\" \/>\n\t<meta property=\"og:image:height\" content=\"1365\" \/>\n\t<meta property=\"og:image:type\" content=\"image\/jpeg\" \/>\n<meta name=\"twitter:card\" content=\"summary_large_image\" \/>\n<meta name=\"twitter:site\" content=\"@PSahko\" \/>\n<meta name=\"twitter:label1\" content=\"Est. reading time\" \/>\n\t<meta name=\"twitter:data1\" content=\"1 minute\" \/>\n<script type=\"application\/ld+json\" class=\"yoast-schema-graph\">{\"@context\":\"https:\\\/\\\/schema.org\",\"@graph\":[{\"@type\":\"WebPage\",\"@id\":\"https:\\\/\\\/paikallis-sahko.fi\\\/en\\\/palvelut\\\/sahkoasemat\\\/\",\"url\":\"https:\\\/\\\/paikallis-sahko.fi\\\/en\\\/palvelut\\\/sahkoasemat\\\/\",\"name\":\"S\u00e4hk\u00f6asemat - Paikallis S\u00e4hk\u00f6 Oy\",\"isPartOf\":{\"@id\":\"https:\\\/\\\/paikallis-sahko.fi\\\/en\\\/#website\"},\"datePublished\":\"2023-04-24T08:36:15+00:00\",\"dateModified\":\"2023-07-04T06:24:58+00:00\",\"description\":\"S\u00e4hk\u00f6asemien toimintakyky vaikuttaa koko yhteiskunnan toimintakykyyn, joten niiden yll\u00e4pito edellytt\u00e4\u00e4 erityist\u00e4 ammattitaitoa ja valmiutta toimia nopeasti.\",\"breadcrumb\":{\"@id\":\"https:\\\/\\\/paikallis-sahko.fi\\\/en\\\/palvelut\\\/sahkoasemat\\\/#breadcrumb\"},\"inLanguage\":\"en-US\",\"potentialAction\":[{\"@type\":\"ReadAction\",\"target\":[\"https:\\\/\\\/paikallis-sahko.fi\\\/en\\\/palvelut\\\/sahkoasemat\\\/\"]}]},{\"@type\":\"BreadcrumbList\",\"@id\":\"https:\\\/\\\/paikallis-sahko.fi\\\/en\\\/palvelut\\\/sahkoasemat\\\/#breadcrumb\",\"itemListElement\":[{\"@type\":\"ListItem\",\"position\":1,\"name\":\"Etusivu\",\"item\":\"https:\\\/\\\/paikallis-sahko.fi\\\/en\\\/\"},{\"@type\":\"ListItem\",\"position\":2,\"name\":\"Palvelut\",\"item\":\"https:\\\/\\\/paikallis-sahko.fi\\\/en\\\/palvelut\\\/\"},{\"@type\":\"ListItem\",\"position\":3,\"name\":\"S\u00e4hk\u00f6asemat\"}]},{\"@type\":\"WebSite\",\"@id\":\"https:\\\/\\\/paikallis-sahko.fi\\\/en\\\/#website\",\"url\":\"https:\\\/\\\/paikallis-sahko.fi\\\/en\\\/\",\"name\":\"Paikallis S\u00e4hk\u00f6 Oy\",\"description\":\"Me Paikallis-S\u00e4hk\u00f6ll\u00e4 asennamme, huollamme ja modernisoimme Pohjois-Suomen s\u00e4hk\u00f6j\u00e4 yli 150 ammattilaisen voimin.\",\"publisher\":{\"@id\":\"https:\\\/\\\/paikallis-sahko.fi\\\/en\\\/#organization\"},\"potentialAction\":[{\"@type\":\"SearchAction\",\"target\":{\"@type\":\"EntryPoint\",\"urlTemplate\":\"https:\\\/\\\/paikallis-sahko.fi\\\/en\\\/?s={search_term_string}\"},\"query-input\":{\"@type\":\"PropertyValueSpecification\",\"valueRequired\":true,\"valueName\":\"search_term_string\"}}],\"inLanguage\":\"en-US\"},{\"@type\":\"Organization\",\"@id\":\"https:\\\/\\\/paikallis-sahko.fi\\\/en\\\/#organization\",\"name\":\"Paikallis S\u00e4hk\u00f6 Oy\",\"url\":\"https:\\\/\\\/paikallis-sahko.fi\\\/en\\\/\",\"logo\":{\"@type\":\"ImageObject\",\"inLanguage\":\"en-US\",\"@id\":\"https:\\\/\\\/paikallis-sahko.fi\\\/en\\\/#\\\/schema\\\/logo\\\/image\\\/\",\"url\":\"https:\\\/\\\/paikallis-sahko.fi\\\/wp-content\\\/uploads\\\/sites\\\/2\\\/2023\\\/06\\\/Paikallis-sa\u0308hko\u0308-logo-crop.png\",\"contentUrl\":\"https:\\\/\\\/paikallis-sahko.fi\\\/wp-content\\\/uploads\\\/sites\\\/2\\\/2023\\\/06\\\/Paikallis-sa\u0308hko\u0308-logo-crop.png\",\"width\":834,\"height\":229,\"caption\":\"Paikallis S\u00e4hk\u00f6 Oy\"},\"image\":{\"@id\":\"https:\\\/\\\/paikallis-sahko.fi\\\/en\\\/#\\\/schema\\\/logo\\\/image\\\/\"},\"sameAs\":[\"https:\\\/\\\/www.facebook.com\\\/p\\\/Paikallis-Shk-Oy-100063841823277\\\/\",\"https:\\\/\\\/x.com\\\/PSahko\"]}]}<\/script>\n<!-- \/ Yoast SEO plugin. -->","yoast_head_json":{"title":"S\u00e4hk\u00f6asemat - Paikallis S\u00e4hk\u00f6 Oy","description":"S\u00e4hk\u00f6asemien toimintakyky vaikuttaa koko yhteiskunnan toimintakykyyn, joten niiden yll\u00e4pito edellytt\u00e4\u00e4 erityist\u00e4 ammattitaitoa ja valmiutta toimia nopeasti.","robots":{"index":"index","follow":"follow","max-snippet":"max-snippet:-1","max-image-preview":"max-image-preview:large","max-video-preview":"max-video-preview:-1"},"canonical":"https:\/\/paikallis-sahko.fi\/en\/palvelut\/sahkoasemat\/","og_locale":"en_US","og_type":"article","og_title":"S\u00e4hk\u00f6asemat | Palvelumme","og_description":"S\u00e4hk\u00f6asemat ovat ratkaisevassa roolissa s\u00e4hk\u00f6verkon luotettavan toiminnan kannalta","og_url":"https:\/\/paikallis-sahko.fi\/en\/palvelut\/sahkoasemat\/","og_site_name":"Paikallis S\u00e4hk\u00f6 Oy","article_publisher":"https:\/\/www.facebook.com\/p\/Paikallis-Shk-Oy-100063841823277\/","article_modified_time":"2023-07-04T06:24:58+00:00","og_image":[{"width":2048,"height":1365,"url":"https:\/\/paikallis-sahko.fi\/wp-content\/uploads\/sites\/2\/2023\/04\/Paikallis-Sahko_110423_web_RM_09824-1.jpg","type":"image\/jpeg"}],"twitter_card":"summary_large_image","twitter_site":"@PSahko","twitter_misc":{"Est. reading time":"1 minute"},"schema":{"@context":"https:\/\/schema.org","@graph":[{"@type":"WebPage","@id":"https:\/\/paikallis-sahko.fi\/en\/palvelut\/sahkoasemat\/","url":"https:\/\/paikallis-sahko.fi\/en\/palvelut\/sahkoasemat\/","name":"S\u00e4hk\u00f6asemat - Paikallis S\u00e4hk\u00f6 Oy","isPartOf":{"@id":"https:\/\/paikallis-sahko.fi\/en\/#website"},"datePublished":"2023-04-24T08:36:15+00:00","dateModified":"2023-07-04T06:24:58+00:00","description":"S\u00e4hk\u00f6asemien toimintakyky vaikuttaa koko yhteiskunnan toimintakykyyn, joten niiden yll\u00e4pito edellytt\u00e4\u00e4 erityist\u00e4 ammattitaitoa ja valmiutta toimia nopeasti.","breadcrumb":{"@id":"https:\/\/paikallis-sahko.fi\/en\/palvelut\/sahkoasemat\/#breadcrumb"},"inLanguage":"en-US","potentialAction":[{"@type":"ReadAction","target":["https:\/\/paikallis-sahko.fi\/en\/palvelut\/sahkoasemat\/"]}]},{"@type":"BreadcrumbList","@id":"https:\/\/paikallis-sahko.fi\/en\/palvelut\/sahkoasemat\/#breadcrumb","itemListElement":[{"@type":"ListItem","position":1,"name":"Etusivu","item":"https:\/\/paikallis-sahko.fi\/en\/"},{"@type":"ListItem","position":2,"name":"Palvelut","item":"https:\/\/paikallis-sahko.fi\/en\/palvelut\/"},{"@type":"ListItem","position":3,"name":"S\u00e4hk\u00f6asemat"}]},{"@type":"WebSite","@id":"https:\/\/paikallis-sahko.fi\/en\/#website","url":"https:\/\/paikallis-sahko.fi\/en\/","name":"Paikallis S\u00e4hk\u00f6 Oy","description":"Me Paikallis-S\u00e4hk\u00f6ll\u00e4 asennamme, huollamme ja modernisoimme Pohjois-Suomen s\u00e4hk\u00f6j\u00e4 yli 150 ammattilaisen voimin.","publisher":{"@id":"https:\/\/paikallis-sahko.fi\/en\/#organization"},"potentialAction":[{"@type":"SearchAction","target":{"@type":"EntryPoint","urlTemplate":"https:\/\/paikallis-sahko.fi\/en\/?s={search_term_string}"},"query-input":{"@type":"PropertyValueSpecification","valueRequired":true,"valueName":"search_term_string"}}],"inLanguage":"en-US"},{"@type":"Organization","@id":"https:\/\/paikallis-sahko.fi\/en\/#organization","name":"Paikallis S\u00e4hk\u00f6 Oy","url":"https:\/\/paikallis-sahko.fi\/en\/","logo":{"@type":"ImageObject","inLanguage":"en-US","@id":"https:\/\/paikallis-sahko.fi\/en\/#\/schema\/logo\/image\/","url":"https:\/\/paikallis-sahko.fi\/wp-content\/uploads\/sites\/2\/2023\/06\/Paikallis-sa\u0308hko\u0308-logo-crop.png","contentUrl":"https:\/\/paikallis-sahko.fi\/wp-content\/uploads\/sites\/2\/2023\/06\/Paikallis-sa\u0308hko\u0308-logo-crop.png","width":834,"height":229,"caption":"Paikallis S\u00e4hk\u00f6 Oy"},"image":{"@id":"https:\/\/paikallis-sahko.fi\/en\/#\/schema\/logo\/image\/"},"sameAs":["https:\/\/www.facebook.com\/p\/Paikallis-Shk-Oy-100063841823277\/","https:\/\/x.com\/PSahko"]}]}},"_links":{"self":[{"href":"https:\/\/paikallis-sahko.fi\/en\/wp-json\/wp\/v2\/pages\/409","targetHints":{"allow":["GET"]}}],"collection":[{"href":"https:\/\/paikallis-sahko.fi\/en\/wp-json\/wp\/v2\/pages"}],"about":[{"href":"https:\/\/paikallis-sahko.fi\/en\/wp-json\/wp\/v2\/types\/page"}],"author":[{"embeddable":true,"href":"https:\/\/paikallis-sahko.fi\/en\/wp-json\/wp\/v2\/users\/3"}],"replies":[{"embeddable":true,"href":"https:\/\/paikallis-sahko.fi\/en\/wp-json\/wp\/v2\/comments?post=409"}],"version-history":[{"count":5,"href":"https:\/\/paikallis-sahko.fi\/en\/wp-json\/wp\/v2\/pages\/409\/revisions"}],"predecessor-version":[{"id":733,"href":"https:\/\/paikallis-sahko.fi\/en\/wp-json\/wp\/v2\/pages\/409\/revisions\/733"}],"up":[{"embeddable":true,"href":"https:\/\/paikallis-sahko.fi\/en\/wp-json\/wp\/v2\/pages\/178"}],"wp:attachment":[{"href":"https:\/\/paikallis-sahko.fi\/en\/wp-json\/wp\/v2\/media?parent=409"}],"curies":[{"name":"wp","href":"https:\/\/api.w.org\/{rel}","templated":true}]}}