{"id":406,"date":"2023-04-24T11:32:13","date_gmt":"2023-04-24T08:32:13","guid":{"rendered":"https:\/\/paikallis-sahko.fi\/?page_id=406"},"modified":"2025-02-12T13:26:08","modified_gmt":"2025-02-12T11:26:08","slug":"turvajarjestelmat","status":"publish","type":"page","link":"https:\/\/paikallis-sahko.fi\/en\/palvelut\/turvajarjestelmat\/","title":{"rendered":"Turvaj\u00e4rjestelm\u00e4t\u00a0"},"content":{"rendered":"\n<section id=\"default-anchor-69f37bf651904\" class=\"block block-hero container-fluid\">\n    <div class=\"container\">\n        <div class=\"row\">\n            <div class=\"col-12\">\n                <div class=\"content\">\n                    <div class=\"row\">\n                        \n\n<div id=\"default-anchor-69f37bf650dfc\" class=\"block-innerblocks-container col-12 col-lg-6 block-column \">\n    <main class=\"entry-content\">\n        \n\n<h1 class=\"wp-block-heading\"><strong><strong>Turva\u00adj\u00e4rjestelm\u00e4t&nbsp;<\/strong><\/strong><\/h1>\n\n\n    <\/main>\n<\/div>\n\n\n<div id=\"default-anchor-69f37bf650f70\" class=\"block-innerblocks-container col-12 col-lg-6 block-column \">\n    <main class=\"entry-content\">\n        \n\n<p><\/p>\n\n\n\n\n    <\/main>\n<\/div>\n\n                    <\/div>\n                <\/div>\n            <\/div>\n\n\n            <div class=\"col-12 col-lg-8 offset-lg-2 image-col\">\n                                <div class=\"hero-image-wrapper\">\n                    <img decoding=\"async\" src=\"https:\/\/paikallis-sahko.fi\/wp-content\/uploads\/sites\/2\/2023\/04\/QMG-Capcon-260321_1_.jpg\" width=\"1183\" height=\"787\" class=\"hero-image no-lazy\" alt=\"\">                    <img decoding=\"async\" src=\"https:\/\/paikallis-sahko.fi\/wp-content\/uploads\/sites\/2\/2023\/04\/QMG-Capcon-260321_1_.jpg\" width=\"1183\" height=\"787\" class=\"hero-image-mobile no-lazy\" alt=\"\">                                    <\/div>\n                \n                            <\/div>\n        <\/div>\n    <\/div>\n<\/section>\n\n\n<section id=\"default-anchor-69f37bf651c38\" class=\"block block-content-wrapper container-fluid container-fluid \">\n    <div class=\"container\">\n        <div class=\"row\">\n            <div class=\"col-12 col-lg-8\">\n                <main class=\"entry-content\">\n                    \n\n<p>Paras suoja rakennuksille, yritysten omaisuudelle ja asukkaiden turvallisuudelle on ajanmukainen, tarpeiden mukaan suunniteltu ja luotettavasti asennettu turvaj\u00e4rjestelm\u00e4. Siihen voidaan kytke\u00e4 palovaroittimet, murtoh\u00e4lyttimet ja erilaiset kameravalvontaj\u00e4rjestelm\u00e4t.<\/p>\n\n\n\n<p>Paikallis-S\u00e4hk\u00f6n tyt\u00e4ryhti\u00f6 <a href=\"https:\/\/capcon.fi\" target=\"_blank\" rel=\"noreferrer noopener\">Capcon<\/a> toteuttaa nykyaikaiset ja kustannustehokkaat turvatekniikan ratkaisut, jotka auttavat tehostamaan kiinteist\u00f6\u00f6n, henkil\u00f6st\u00f6\u00f6n ja omaisuuteen kohdistuvien riskien hallintaa. Turvaratkaisut suunnitellaan ja toteutetaan toimialan ja liiketoiminnan erityistarpeiden mukaisiksi.&nbsp;<\/p>\n\n\n\n<h3 class=\"wp-block-heading\">Nykyaikaisin turvatekniikka, asiantuntevasti asennettuna<\/h3>\n\n\n\n<p>Hallitsemme kaikki paloturvallisuuteen, murtosuojaukseen, kulunhallintaan, ty\u00f6ajanseurantaan sek\u00e4 videovalvontaan liittyv\u00e4t j\u00e4rjestelm\u00e4t ja palvelut. Suunnittelemme ja toteutamme my\u00f6s \u00e4\u00e4nentoisto- ja \u00e4\u00e4nievakuointij\u00e4rjestelmi\u00e4. Ammattilaisen asentama ja toimiva turvaj\u00e4rjestelm\u00e4 tuo my\u00f6s tuntuvia etuja kotisi tai yrityskiinteist\u00f6si vakuutusmaksuihin.<\/p>\n\n\n                <\/main>\n            <\/div>\n\n                        <div class=\"col-12 col-lg-4 col-xl-3 offset-xl-1\">\n                \n    <div class=\"nav-secondary\">\n        <ul class=\"menu top-menu\">\n            <li class=\"menu-item\">\n                <a href=\"https:\/\/paikallis-sahko.fi\/en\/palvelut\/\">Palvelut<\/a>\n                <ul class=\"sub-menu\">\n                                            <li class=\"menu-item\"><a href=\"https:\/\/paikallis-sahko.fi\/en\/palvelut\/aurinkopaneelit\/\" target=\"\">Aurinkopaneelit<\/a><\/li>\n                                            <li class=\"menu-item\"><a href=\"https:\/\/paikallis-sahko.fi\/en\/palvelut\/ennakkohuolto\/\" target=\"\">Ennakkohuoltopalvelut<\/a><\/li>\n                                            <li class=\"menu-item\"><a href=\"https:\/\/paikallis-sahko.fi\/en\/palvelut\/sahkoasemat\/\" target=\"\">S\u00e4hk\u00f6asemat<\/a><\/li>\n                                            <li class=\"menu-item\"><a href=\"https:\/\/paikallis-sahko.fi\/en\/palvelut\/sahkoautojen-latausasemat\/\" target=\"\">S\u00e4hk\u00f6autojen latausasemat<\/a><\/li>\n                                            <li class=\"menu-item\"><a href=\"https:\/\/paikallis-sahko.fi\/en\/palvelut\/sahkohuolto-ja-yllapito\/\" target=\"\">S\u00e4hk\u00f6huolto ja yll\u00e4pito<\/a><\/li>\n                                            <li class=\"menu-item\"><a href=\"https:\/\/paikallis-sahko.fi\/en\/palvelut\/sahkourakointi\/\" target=\"\">S\u00e4hk\u00f6urakointi<\/a><\/li>\n                                            <li class=\"menu-item current\"><a href=\"https:\/\/paikallis-sahko.fi\/en\/palvelut\/turvajarjestelmat\/\" target=\"\">Turvaj\u00e4rjestelm\u00e4t\u00a0<\/a><\/li>\n                                    <\/ul>\n            <\/li>\n        <\/ul>\n    <\/div>\n    \n            <\/div>\n                    <\/div>\n    <\/div>\n<\/section>","protected":false},"excerpt":{"rendered":"<p>Tarpeiden mukaan suunniteltu ja luotettavasti asennettu turvaj\u00e4rjestelm\u00e4 lis\u00e4\u00e4 huolettomuutta, tehostaa riskien hallintaa ja voi jopa pienent\u00e4\u00e4 vakuutusmaksuja.<\/p>\n","protected":false},"author":3,"featured_media":0,"parent":178,"menu_order":0,"comment_status":"closed","ping_status":"closed","template":"","meta":{"_acf_changed":false,"_relevanssi_hide_post":"","_relevanssi_hide_content":"","_relevanssi_pin_for_all":"","_relevanssi_pin_keywords":"","_relevanssi_unpin_keywords":"","_relevanssi_related_keywords":"","_relevanssi_related_include_ids":"","_relevanssi_related_exclude_ids":"","_relevanssi_related_no_append":"","_relevanssi_related_not_related":"","_relevanssi_related_posts":"1206,1145,1141,1309,1202,1132","_relevanssi_noindex_reason":"","footnotes":""},"class_list":["post-406","page","type-page","status-publish","hentry"],"acf":[],"yoast_head":"<!-- This site is optimized with the Yoast SEO plugin v27.4 - https:\/\/yoast.com\/product\/yoast-seo-wordpress\/ -->\n<title>Turvaj\u00e4rjestelm\u00e4t\u00a0 - Paikallis S\u00e4hk\u00f6 Oy<\/title>\n<meta name=\"description\" content=\"Tarpeiden mukaan suunniteltu ja luotettavasti asennettu turvaj\u00e4rjestelm\u00e4 lis\u00e4\u00e4 huolettomuutta, tehostaa riskien hallintaa ja voi jopa pienent\u00e4\u00e4 vakuutusmaksuja.\" \/>\n<meta name=\"robots\" content=\"index, follow, max-snippet:-1, max-image-preview:large, max-video-preview:-1\" \/>\n<link rel=\"canonical\" href=\"https:\/\/paikallis-sahko.fi\/en\/palvelut\/turvajarjestelmat\/\" \/>\n<meta property=\"og:locale\" content=\"en_US\" \/>\n<meta property=\"og:type\" content=\"article\" \/>\n<meta property=\"og:title\" content=\"Turvaj\u00e4rjestelm\u00e4t | Palvelumme\" \/>\n<meta property=\"og:description\" content=\"Turvaj\u00e4rjestelm\u00e4 on paras suoja rakennuksille, omaisuudelle ja asukkaille\" \/>\n<meta property=\"og:url\" content=\"https:\/\/paikallis-sahko.fi\/en\/palvelut\/turvajarjestelmat\/\" \/>\n<meta property=\"og:site_name\" content=\"Paikallis S\u00e4hk\u00f6 Oy\" \/>\n<meta property=\"article:publisher\" content=\"https:\/\/www.facebook.com\/p\/Paikallis-Shk-Oy-100063841823277\/\" \/>\n<meta property=\"article:modified_time\" content=\"2025-02-12T11:26:08+00:00\" \/>\n<meta property=\"og:image\" content=\"https:\/\/paikallis-sahko.fi\/wp-content\/uploads\/sites\/2\/2023\/04\/QMG-Capcon-260321_1_.jpg\" \/>\n\t<meta property=\"og:image:width\" content=\"1183\" \/>\n\t<meta property=\"og:image:height\" content=\"787\" \/>\n\t<meta property=\"og:image:type\" content=\"image\/jpeg\" \/>\n<meta name=\"twitter:card\" content=\"summary_large_image\" \/>\n<meta name=\"twitter:site\" content=\"@PSahko\" \/>\n<meta name=\"twitter:label1\" content=\"Est. reading time\" \/>\n\t<meta name=\"twitter:data1\" content=\"2 minutes\" \/>\n<script type=\"application\/ld+json\" class=\"yoast-schema-graph\">{\"@context\":\"https:\\\/\\\/schema.org\",\"@graph\":[{\"@type\":\"WebPage\",\"@id\":\"https:\\\/\\\/paikallis-sahko.fi\\\/en\\\/palvelut\\\/turvajarjestelmat\\\/\",\"url\":\"https:\\\/\\\/paikallis-sahko.fi\\\/en\\\/palvelut\\\/turvajarjestelmat\\\/\",\"name\":\"Turvaj\u00e4rjestelm\u00e4t\u00a0 - Paikallis S\u00e4hk\u00f6 Oy\",\"isPartOf\":{\"@id\":\"https:\\\/\\\/paikallis-sahko.fi\\\/en\\\/#website\"},\"datePublished\":\"2023-04-24T08:32:13+00:00\",\"dateModified\":\"2025-02-12T11:26:08+00:00\",\"description\":\"Tarpeiden mukaan suunniteltu ja luotettavasti asennettu turvaj\u00e4rjestelm\u00e4 lis\u00e4\u00e4 huolettomuutta, tehostaa riskien hallintaa ja voi jopa pienent\u00e4\u00e4 vakuutusmaksuja.\",\"breadcrumb\":{\"@id\":\"https:\\\/\\\/paikallis-sahko.fi\\\/en\\\/palvelut\\\/turvajarjestelmat\\\/#breadcrumb\"},\"inLanguage\":\"en-US\",\"potentialAction\":[{\"@type\":\"ReadAction\",\"target\":[\"https:\\\/\\\/paikallis-sahko.fi\\\/en\\\/palvelut\\\/turvajarjestelmat\\\/\"]}]},{\"@type\":\"BreadcrumbList\",\"@id\":\"https:\\\/\\\/paikallis-sahko.fi\\\/en\\\/palvelut\\\/turvajarjestelmat\\\/#breadcrumb\",\"itemListElement\":[{\"@type\":\"ListItem\",\"position\":1,\"name\":\"Etusivu\",\"item\":\"https:\\\/\\\/paikallis-sahko.fi\\\/en\\\/\"},{\"@type\":\"ListItem\",\"position\":2,\"name\":\"Palvelut\",\"item\":\"https:\\\/\\\/paikallis-sahko.fi\\\/en\\\/palvelut\\\/\"},{\"@type\":\"ListItem\",\"position\":3,\"name\":\"Turvaj\u00e4rjestelm\u00e4t\u00a0\"}]},{\"@type\":\"WebSite\",\"@id\":\"https:\\\/\\\/paikallis-sahko.fi\\\/en\\\/#website\",\"url\":\"https:\\\/\\\/paikallis-sahko.fi\\\/en\\\/\",\"name\":\"Paikallis S\u00e4hk\u00f6 Oy\",\"description\":\"Me Paikallis-S\u00e4hk\u00f6ll\u00e4 asennamme, huollamme ja modernisoimme Pohjois-Suomen s\u00e4hk\u00f6j\u00e4 yli 150 ammattilaisen voimin.\",\"publisher\":{\"@id\":\"https:\\\/\\\/paikallis-sahko.fi\\\/en\\\/#organization\"},\"potentialAction\":[{\"@type\":\"SearchAction\",\"target\":{\"@type\":\"EntryPoint\",\"urlTemplate\":\"https:\\\/\\\/paikallis-sahko.fi\\\/en\\\/?s={search_term_string}\"},\"query-input\":{\"@type\":\"PropertyValueSpecification\",\"valueRequired\":true,\"valueName\":\"search_term_string\"}}],\"inLanguage\":\"en-US\"},{\"@type\":\"Organization\",\"@id\":\"https:\\\/\\\/paikallis-sahko.fi\\\/en\\\/#organization\",\"name\":\"Paikallis S\u00e4hk\u00f6 Oy\",\"url\":\"https:\\\/\\\/paikallis-sahko.fi\\\/en\\\/\",\"logo\":{\"@type\":\"ImageObject\",\"inLanguage\":\"en-US\",\"@id\":\"https:\\\/\\\/paikallis-sahko.fi\\\/en\\\/#\\\/schema\\\/logo\\\/image\\\/\",\"url\":\"https:\\\/\\\/paikallis-sahko.fi\\\/wp-content\\\/uploads\\\/sites\\\/2\\\/2023\\\/06\\\/Paikallis-sa\u0308hko\u0308-logo-crop.png\",\"contentUrl\":\"https:\\\/\\\/paikallis-sahko.fi\\\/wp-content\\\/uploads\\\/sites\\\/2\\\/2023\\\/06\\\/Paikallis-sa\u0308hko\u0308-logo-crop.png\",\"width\":834,\"height\":229,\"caption\":\"Paikallis S\u00e4hk\u00f6 Oy\"},\"image\":{\"@id\":\"https:\\\/\\\/paikallis-sahko.fi\\\/en\\\/#\\\/schema\\\/logo\\\/image\\\/\"},\"sameAs\":[\"https:\\\/\\\/www.facebook.com\\\/p\\\/Paikallis-Shk-Oy-100063841823277\\\/\",\"https:\\\/\\\/x.com\\\/PSahko\"]}]}<\/script>\n<!-- \/ Yoast SEO plugin. -->","yoast_head_json":{"title":"Turvaj\u00e4rjestelm\u00e4t\u00a0 - Paikallis S\u00e4hk\u00f6 Oy","description":"Tarpeiden mukaan suunniteltu ja luotettavasti asennettu turvaj\u00e4rjestelm\u00e4 lis\u00e4\u00e4 huolettomuutta, tehostaa riskien hallintaa ja voi jopa pienent\u00e4\u00e4 vakuutusmaksuja.","robots":{"index":"index","follow":"follow","max-snippet":"max-snippet:-1","max-image-preview":"max-image-preview:large","max-video-preview":"max-video-preview:-1"},"canonical":"https:\/\/paikallis-sahko.fi\/en\/palvelut\/turvajarjestelmat\/","og_locale":"en_US","og_type":"article","og_title":"Turvaj\u00e4rjestelm\u00e4t | Palvelumme","og_description":"Turvaj\u00e4rjestelm\u00e4 on paras suoja rakennuksille, omaisuudelle ja asukkaille","og_url":"https:\/\/paikallis-sahko.fi\/en\/palvelut\/turvajarjestelmat\/","og_site_name":"Paikallis S\u00e4hk\u00f6 Oy","article_publisher":"https:\/\/www.facebook.com\/p\/Paikallis-Shk-Oy-100063841823277\/","article_modified_time":"2025-02-12T11:26:08+00:00","og_image":[{"width":1183,"height":787,"url":"https:\/\/paikallis-sahko.fi\/wp-content\/uploads\/sites\/2\/2023\/04\/QMG-Capcon-260321_1_.jpg","type":"image\/jpeg"}],"twitter_card":"summary_large_image","twitter_site":"@PSahko","twitter_misc":{"Est. reading time":"2 minutes"},"schema":{"@context":"https:\/\/schema.org","@graph":[{"@type":"WebPage","@id":"https:\/\/paikallis-sahko.fi\/en\/palvelut\/turvajarjestelmat\/","url":"https:\/\/paikallis-sahko.fi\/en\/palvelut\/turvajarjestelmat\/","name":"Turvaj\u00e4rjestelm\u00e4t\u00a0 - Paikallis S\u00e4hk\u00f6 Oy","isPartOf":{"@id":"https:\/\/paikallis-sahko.fi\/en\/#website"},"datePublished":"2023-04-24T08:32:13+00:00","dateModified":"2025-02-12T11:26:08+00:00","description":"Tarpeiden mukaan suunniteltu ja luotettavasti asennettu turvaj\u00e4rjestelm\u00e4 lis\u00e4\u00e4 huolettomuutta, tehostaa riskien hallintaa ja voi jopa pienent\u00e4\u00e4 vakuutusmaksuja.","breadcrumb":{"@id":"https:\/\/paikallis-sahko.fi\/en\/palvelut\/turvajarjestelmat\/#breadcrumb"},"inLanguage":"en-US","potentialAction":[{"@type":"ReadAction","target":["https:\/\/paikallis-sahko.fi\/en\/palvelut\/turvajarjestelmat\/"]}]},{"@type":"BreadcrumbList","@id":"https:\/\/paikallis-sahko.fi\/en\/palvelut\/turvajarjestelmat\/#breadcrumb","itemListElement":[{"@type":"ListItem","position":1,"name":"Etusivu","item":"https:\/\/paikallis-sahko.fi\/en\/"},{"@type":"ListItem","position":2,"name":"Palvelut","item":"https:\/\/paikallis-sahko.fi\/en\/palvelut\/"},{"@type":"ListItem","position":3,"name":"Turvaj\u00e4rjestelm\u00e4t\u00a0"}]},{"@type":"WebSite","@id":"https:\/\/paikallis-sahko.fi\/en\/#website","url":"https:\/\/paikallis-sahko.fi\/en\/","name":"Paikallis S\u00e4hk\u00f6 Oy","description":"Me Paikallis-S\u00e4hk\u00f6ll\u00e4 asennamme, huollamme ja modernisoimme Pohjois-Suomen s\u00e4hk\u00f6j\u00e4 yli 150 ammattilaisen voimin.","publisher":{"@id":"https:\/\/paikallis-sahko.fi\/en\/#organization"},"potentialAction":[{"@type":"SearchAction","target":{"@type":"EntryPoint","urlTemplate":"https:\/\/paikallis-sahko.fi\/en\/?s={search_term_string}"},"query-input":{"@type":"PropertyValueSpecification","valueRequired":true,"valueName":"search_term_string"}}],"inLanguage":"en-US"},{"@type":"Organization","@id":"https:\/\/paikallis-sahko.fi\/en\/#organization","name":"Paikallis S\u00e4hk\u00f6 Oy","url":"https:\/\/paikallis-sahko.fi\/en\/","logo":{"@type":"ImageObject","inLanguage":"en-US","@id":"https:\/\/paikallis-sahko.fi\/en\/#\/schema\/logo\/image\/","url":"https:\/\/paikallis-sahko.fi\/wp-content\/uploads\/sites\/2\/2023\/06\/Paikallis-sa\u0308hko\u0308-logo-crop.png","contentUrl":"https:\/\/paikallis-sahko.fi\/wp-content\/uploads\/sites\/2\/2023\/06\/Paikallis-sa\u0308hko\u0308-logo-crop.png","width":834,"height":229,"caption":"Paikallis S\u00e4hk\u00f6 Oy"},"image":{"@id":"https:\/\/paikallis-sahko.fi\/en\/#\/schema\/logo\/image\/"},"sameAs":["https:\/\/www.facebook.com\/p\/Paikallis-Shk-Oy-100063841823277\/","https:\/\/x.com\/PSahko"]}]}},"_links":{"self":[{"href":"https:\/\/paikallis-sahko.fi\/en\/wp-json\/wp\/v2\/pages\/406","targetHints":{"allow":["GET"]}}],"collection":[{"href":"https:\/\/paikallis-sahko.fi\/en\/wp-json\/wp\/v2\/pages"}],"about":[{"href":"https:\/\/paikallis-sahko.fi\/en\/wp-json\/wp\/v2\/types\/page"}],"author":[{"embeddable":true,"href":"https:\/\/paikallis-sahko.fi\/en\/wp-json\/wp\/v2\/users\/3"}],"replies":[{"embeddable":true,"href":"https:\/\/paikallis-sahko.fi\/en\/wp-json\/wp\/v2\/comments?post=406"}],"version-history":[{"count":9,"href":"https:\/\/paikallis-sahko.fi\/en\/wp-json\/wp\/v2\/pages\/406\/revisions"}],"predecessor-version":[{"id":1399,"href":"https:\/\/paikallis-sahko.fi\/en\/wp-json\/wp\/v2\/pages\/406\/revisions\/1399"}],"up":[{"embeddable":true,"href":"https:\/\/paikallis-sahko.fi\/en\/wp-json\/wp\/v2\/pages\/178"}],"wp:attachment":[{"href":"https:\/\/paikallis-sahko.fi\/en\/wp-json\/wp\/v2\/media?parent=406"}],"curies":[{"name":"wp","href":"https:\/\/api.w.org\/{rel}","templated":true}]}}