{"id":399,"date":"2023-04-24T11:24:16","date_gmt":"2023-04-24T08:24:16","guid":{"rendered":"https:\/\/paikallis-sahko.fi\/?page_id=399"},"modified":"2023-07-04T09:26:51","modified_gmt":"2023-07-04T06:26:51","slug":"sahkourakointi","status":"publish","type":"page","link":"https:\/\/paikallis-sahko.fi\/en\/palvelut\/sahkourakointi\/","title":{"rendered":"S\u00e4hk\u00f6urakointi"},"content":{"rendered":"\n<section id=\"default-anchor-69f37b2faf655\" class=\"block block-hero container-fluid\">\n    <div class=\"container\">\n        <div class=\"row\">\n            <div class=\"col-12\">\n                <div class=\"content\">\n                    <div class=\"row\">\n                        \n\n<div id=\"default-anchor-69f37b2fae46d\" class=\"block-innerblocks-container col-12 col-lg-6 block-column \">\n    <main class=\"entry-content\">\n        \n\n<h1 class=\"wp-block-heading\"><strong>S\u00e4hk\u00f6\u00ad<\/strong>urakointi<\/h1>\n\n\n    <\/main>\n<\/div>\n\n\n<div id=\"default-anchor-69f37b2fae61e\" class=\"block-innerblocks-container col-12 col-lg-6 block-column \">\n    <main class=\"entry-content\">\n        \n\n<p><\/p>\n\n\n\n\n    <\/main>\n<\/div>\n\n                    <\/div>\n                <\/div>\n            <\/div>\n\n\n            <div class=\"col-12 col-lg-8 offset-lg-2 image-col\">\n                                <div class=\"hero-image-wrapper\">\n                    <img decoding=\"async\" src=\"https:\/\/paikallis-sahko.fi\/wp-content\/uploads\/sites\/2\/2023\/04\/Paikallis-Sahko_110423_web_RM_09594.jpg\" width=\"2048\" height=\"1365\" class=\"hero-image no-lazy\" alt=\"\">                    <img decoding=\"async\" src=\"https:\/\/paikallis-sahko.fi\/wp-content\/uploads\/sites\/2\/2023\/04\/Paikallis-Sahko_110423_web_RM_09594.jpg\" width=\"2048\" height=\"1365\" class=\"hero-image-mobile no-lazy\" alt=\"\">                                    <\/div>\n                \n                            <\/div>\n        <\/div>\n    <\/div>\n<\/section>\n\n\n<section id=\"default-anchor-69f37b2fafe90\" class=\"block block-content-wrapper container-fluid container-fluid \">\n    <div class=\"container\">\n        <div class=\"row\">\n            <div class=\"col-12 col-lg-8\">\n                <main class=\"entry-content\">\n                    \n\n<p>S\u00e4hk\u00f6urakointi on turvallisuussyist\u00e4 tarkkaan s\u00e4\u00e4delty\u00e4 toimintaa, jossa s\u00e4hk\u00f6tekniikan kattavan osaamisen ohella on \u00e4\u00e4rimm\u00e4isen t\u00e4rke\u00e4\u00e4 hallita s\u00e4hk\u00f6t\u00f6iden lains\u00e4\u00e4d\u00e4nt\u00f6 ja lupak\u00e4yt\u00e4nn\u00f6t.&nbsp;<\/p>\n\n\n\n<p>N\u00e4it\u00e4 taitoja on syyt\u00e4 edellytt\u00e4\u00e4 palveluntarjoajalta, olipa kyse sitten perinteisest\u00e4 s\u00e4hk\u00f6urakoinnista tai uusien teknologioiden asentamisesta.<\/p>\n\n\n\n<p>Paikallis-S\u00e4hk\u00f6n kohdalla n\u00e4m\u00e4 asiat ovat viimeist\u00e4 pilkkua my\u00f6ten hallinnassa. Alueemme johtavana toimijana palvelemme paitsi osaavasti ja kattavasti, my\u00f6s ketter\u00e4sti ja joustavasti.&nbsp;<\/p>\n\n\n\n<h3 class=\"wp-block-heading\">S\u00c4hk\u00f6urakointia mittojen mukaan<\/h3>\n\n\n\n<p>Suoritamme s\u00e4hk\u00f6urakointia taloyhti\u00f6ille, toimitilojen ja teollisuuskiinteist\u00f6jen omistajille sek\u00e4 julkiselle sektorille. Toteutamme kaikenkokoisia projekteja rivitalokohteiden s\u00e4hk\u00f6asennuksista aina teollisuuden prosessis\u00e4hk\u00f6istyksiin ja kuntien s\u00e4hk\u00f6infraratkaisuihin.<\/p>\n\n\n\n<p>Ota yhteys s\u00e4hk\u00f6urakoinnin ammattilaisiimme \u2013 meilt\u00e4 saat tarkat suunnitelmat ja aikataulut seuraavan urakkasi laadukkaaseen ja luotettavaan toteuttamiseen!<\/p>\n\n\n\n\n                <\/main>\n            <\/div>\n\n                        <div class=\"col-12 col-lg-4 col-xl-3 offset-xl-1\">\n                \n    <div class=\"nav-secondary\">\n        <ul class=\"menu top-menu\">\n            <li class=\"menu-item\">\n                <a href=\"https:\/\/paikallis-sahko.fi\/en\/palvelut\/\">Palvelut<\/a>\n                <ul class=\"sub-menu\">\n                                            <li class=\"menu-item\"><a href=\"https:\/\/paikallis-sahko.fi\/en\/palvelut\/aurinkopaneelit\/\" target=\"\">Aurinkopaneelit<\/a><\/li>\n                                            <li class=\"menu-item\"><a href=\"https:\/\/paikallis-sahko.fi\/en\/palvelut\/ennakkohuolto\/\" target=\"\">Ennakkohuoltopalvelut<\/a><\/li>\n                                            <li class=\"menu-item\"><a href=\"https:\/\/paikallis-sahko.fi\/en\/palvelut\/sahkoasemat\/\" target=\"\">S\u00e4hk\u00f6asemat<\/a><\/li>\n                                            <li class=\"menu-item\"><a href=\"https:\/\/paikallis-sahko.fi\/en\/palvelut\/sahkoautojen-latausasemat\/\" target=\"\">S\u00e4hk\u00f6autojen latausasemat<\/a><\/li>\n                                            <li class=\"menu-item\"><a href=\"https:\/\/paikallis-sahko.fi\/en\/palvelut\/sahkohuolto-ja-yllapito\/\" target=\"\">S\u00e4hk\u00f6huolto ja yll\u00e4pito<\/a><\/li>\n                                            <li class=\"menu-item current\"><a href=\"https:\/\/paikallis-sahko.fi\/en\/palvelut\/sahkourakointi\/\" target=\"\">S\u00e4hk\u00f6urakointi<\/a><\/li>\n                                            <li class=\"menu-item\"><a href=\"https:\/\/paikallis-sahko.fi\/en\/palvelut\/turvajarjestelmat\/\" target=\"\">Turvaj\u00e4rjestelm\u00e4t\u00a0<\/a><\/li>\n                                    <\/ul>\n            <\/li>\n        <\/ul>\n    <\/div>\n    \n            <\/div>\n                    <\/div>\n    <\/div>\n<\/section>","protected":false},"excerpt":{"rendered":"<p>Niin perinteinen s\u00e4hk\u00f6urakointi kuin uusien teknologioiden asentaminen kannattaa aina antaa Paikallis-S\u00e4hk\u00f6n kaltaisen luotettavan ammattilaisen hoidettavaksi.<\/p>\n","protected":false},"author":3,"featured_media":0,"parent":178,"menu_order":0,"comment_status":"closed","ping_status":"closed","template":"","meta":{"_acf_changed":false,"_relevanssi_hide_post":"","_relevanssi_hide_content":"","_relevanssi_pin_for_all":"","_relevanssi_pin_keywords":"","_relevanssi_unpin_keywords":"","_relevanssi_related_keywords":"","_relevanssi_related_include_ids":"","_relevanssi_related_exclude_ids":"","_relevanssi_related_no_append":"","_relevanssi_related_not_related":"","_relevanssi_related_posts":"1141,1132,1145,1183,1216,1136","_relevanssi_noindex_reason":"","footnotes":""},"class_list":["post-399","page","type-page","status-publish","hentry"],"acf":[],"yoast_head":"<!-- This site is optimized with the Yoast SEO plugin v27.4 - https:\/\/yoast.com\/product\/yoast-seo-wordpress\/ -->\n<title>S\u00e4hk\u00f6urakointi - Paikallis S\u00e4hk\u00f6 Oy<\/title>\n<meta name=\"description\" content=\"Niin perinteinen s\u00e4hk\u00f6urakointi kuin uusien teknologioiden asentaminen kannattaa aina antaa Paikallis-S\u00e4hk\u00f6n kaltaisen luotettavan ammattilaisen hoidettavaksi.\" \/>\n<meta name=\"robots\" content=\"index, follow, max-snippet:-1, max-image-preview:large, max-video-preview:-1\" \/>\n<link rel=\"canonical\" href=\"https:\/\/paikallis-sahko.fi\/en\/palvelut\/sahkourakointi\/\" \/>\n<meta property=\"og:locale\" content=\"en_US\" \/>\n<meta property=\"og:type\" content=\"article\" \/>\n<meta property=\"og:title\" content=\"S\u00e4hk\u00f6urakointi | Palvelumme\" \/>\n<meta property=\"og:description\" content=\"S\u00e4hk\u00f6urakointia mittojen mukaan\" \/>\n<meta property=\"og:url\" content=\"https:\/\/paikallis-sahko.fi\/en\/palvelut\/sahkourakointi\/\" \/>\n<meta property=\"og:site_name\" content=\"Paikallis S\u00e4hk\u00f6 Oy\" \/>\n<meta property=\"article:publisher\" content=\"https:\/\/www.facebook.com\/p\/Paikallis-Shk-Oy-100063841823277\/\" \/>\n<meta property=\"article:modified_time\" content=\"2023-07-04T06:26:51+00:00\" \/>\n<meta property=\"og:image\" content=\"https:\/\/paikallis-sahko.fi\/wp-content\/uploads\/sites\/2\/2023\/04\/Paikallis-Sahko_110423_web_RM_09625.jpg\" \/>\n\t<meta property=\"og:image:width\" content=\"2048\" \/>\n\t<meta property=\"og:image:height\" content=\"1365\" \/>\n\t<meta property=\"og:image:type\" content=\"image\/jpeg\" \/>\n<meta name=\"twitter:card\" content=\"summary_large_image\" \/>\n<meta name=\"twitter:site\" content=\"@PSahko\" \/>\n<meta name=\"twitter:label1\" content=\"Est. reading time\" \/>\n\t<meta name=\"twitter:data1\" content=\"1 minute\" \/>\n<script type=\"application\/ld+json\" class=\"yoast-schema-graph\">{\"@context\":\"https:\\\/\\\/schema.org\",\"@graph\":[{\"@type\":\"WebPage\",\"@id\":\"https:\\\/\\\/paikallis-sahko.fi\\\/en\\\/palvelut\\\/sahkourakointi\\\/\",\"url\":\"https:\\\/\\\/paikallis-sahko.fi\\\/en\\\/palvelut\\\/sahkourakointi\\\/\",\"name\":\"S\u00e4hk\u00f6urakointi - Paikallis S\u00e4hk\u00f6 Oy\",\"isPartOf\":{\"@id\":\"https:\\\/\\\/paikallis-sahko.fi\\\/en\\\/#website\"},\"datePublished\":\"2023-04-24T08:24:16+00:00\",\"dateModified\":\"2023-07-04T06:26:51+00:00\",\"description\":\"Niin perinteinen s\u00e4hk\u00f6urakointi kuin uusien teknologioiden asentaminen kannattaa aina antaa Paikallis-S\u00e4hk\u00f6n kaltaisen luotettavan ammattilaisen hoidettavaksi.\",\"breadcrumb\":{\"@id\":\"https:\\\/\\\/paikallis-sahko.fi\\\/en\\\/palvelut\\\/sahkourakointi\\\/#breadcrumb\"},\"inLanguage\":\"en-US\",\"potentialAction\":[{\"@type\":\"ReadAction\",\"target\":[\"https:\\\/\\\/paikallis-sahko.fi\\\/en\\\/palvelut\\\/sahkourakointi\\\/\"]}]},{\"@type\":\"BreadcrumbList\",\"@id\":\"https:\\\/\\\/paikallis-sahko.fi\\\/en\\\/palvelut\\\/sahkourakointi\\\/#breadcrumb\",\"itemListElement\":[{\"@type\":\"ListItem\",\"position\":1,\"name\":\"Etusivu\",\"item\":\"https:\\\/\\\/paikallis-sahko.fi\\\/en\\\/\"},{\"@type\":\"ListItem\",\"position\":2,\"name\":\"Palvelut\",\"item\":\"https:\\\/\\\/paikallis-sahko.fi\\\/en\\\/palvelut\\\/\"},{\"@type\":\"ListItem\",\"position\":3,\"name\":\"S\u00e4hk\u00f6urakointi\"}]},{\"@type\":\"WebSite\",\"@id\":\"https:\\\/\\\/paikallis-sahko.fi\\\/en\\\/#website\",\"url\":\"https:\\\/\\\/paikallis-sahko.fi\\\/en\\\/\",\"name\":\"Paikallis S\u00e4hk\u00f6 Oy\",\"description\":\"Me Paikallis-S\u00e4hk\u00f6ll\u00e4 asennamme, huollamme ja modernisoimme Pohjois-Suomen s\u00e4hk\u00f6j\u00e4 yli 150 ammattilaisen voimin.\",\"publisher\":{\"@id\":\"https:\\\/\\\/paikallis-sahko.fi\\\/en\\\/#organization\"},\"potentialAction\":[{\"@type\":\"SearchAction\",\"target\":{\"@type\":\"EntryPoint\",\"urlTemplate\":\"https:\\\/\\\/paikallis-sahko.fi\\\/en\\\/?s={search_term_string}\"},\"query-input\":{\"@type\":\"PropertyValueSpecification\",\"valueRequired\":true,\"valueName\":\"search_term_string\"}}],\"inLanguage\":\"en-US\"},{\"@type\":\"Organization\",\"@id\":\"https:\\\/\\\/paikallis-sahko.fi\\\/en\\\/#organization\",\"name\":\"Paikallis S\u00e4hk\u00f6 Oy\",\"url\":\"https:\\\/\\\/paikallis-sahko.fi\\\/en\\\/\",\"logo\":{\"@type\":\"ImageObject\",\"inLanguage\":\"en-US\",\"@id\":\"https:\\\/\\\/paikallis-sahko.fi\\\/en\\\/#\\\/schema\\\/logo\\\/image\\\/\",\"url\":\"https:\\\/\\\/paikallis-sahko.fi\\\/wp-content\\\/uploads\\\/sites\\\/2\\\/2023\\\/06\\\/Paikallis-sa\u0308hko\u0308-logo-crop.png\",\"contentUrl\":\"https:\\\/\\\/paikallis-sahko.fi\\\/wp-content\\\/uploads\\\/sites\\\/2\\\/2023\\\/06\\\/Paikallis-sa\u0308hko\u0308-logo-crop.png\",\"width\":834,\"height\":229,\"caption\":\"Paikallis S\u00e4hk\u00f6 Oy\"},\"image\":{\"@id\":\"https:\\\/\\\/paikallis-sahko.fi\\\/en\\\/#\\\/schema\\\/logo\\\/image\\\/\"},\"sameAs\":[\"https:\\\/\\\/www.facebook.com\\\/p\\\/Paikallis-Shk-Oy-100063841823277\\\/\",\"https:\\\/\\\/x.com\\\/PSahko\"]}]}<\/script>\n<!-- \/ Yoast SEO plugin. -->","yoast_head_json":{"title":"S\u00e4hk\u00f6urakointi - Paikallis S\u00e4hk\u00f6 Oy","description":"Niin perinteinen s\u00e4hk\u00f6urakointi kuin uusien teknologioiden asentaminen kannattaa aina antaa Paikallis-S\u00e4hk\u00f6n kaltaisen luotettavan ammattilaisen hoidettavaksi.","robots":{"index":"index","follow":"follow","max-snippet":"max-snippet:-1","max-image-preview":"max-image-preview:large","max-video-preview":"max-video-preview:-1"},"canonical":"https:\/\/paikallis-sahko.fi\/en\/palvelut\/sahkourakointi\/","og_locale":"en_US","og_type":"article","og_title":"S\u00e4hk\u00f6urakointi | Palvelumme","og_description":"S\u00e4hk\u00f6urakointia mittojen mukaan","og_url":"https:\/\/paikallis-sahko.fi\/en\/palvelut\/sahkourakointi\/","og_site_name":"Paikallis S\u00e4hk\u00f6 Oy","article_publisher":"https:\/\/www.facebook.com\/p\/Paikallis-Shk-Oy-100063841823277\/","article_modified_time":"2023-07-04T06:26:51+00:00","og_image":[{"width":2048,"height":1365,"url":"https:\/\/paikallis-sahko.fi\/wp-content\/uploads\/sites\/2\/2023\/04\/Paikallis-Sahko_110423_web_RM_09625.jpg","type":"image\/jpeg"}],"twitter_card":"summary_large_image","twitter_site":"@PSahko","twitter_misc":{"Est. reading time":"1 minute"},"schema":{"@context":"https:\/\/schema.org","@graph":[{"@type":"WebPage","@id":"https:\/\/paikallis-sahko.fi\/en\/palvelut\/sahkourakointi\/","url":"https:\/\/paikallis-sahko.fi\/en\/palvelut\/sahkourakointi\/","name":"S\u00e4hk\u00f6urakointi - Paikallis S\u00e4hk\u00f6 Oy","isPartOf":{"@id":"https:\/\/paikallis-sahko.fi\/en\/#website"},"datePublished":"2023-04-24T08:24:16+00:00","dateModified":"2023-07-04T06:26:51+00:00","description":"Niin perinteinen s\u00e4hk\u00f6urakointi kuin uusien teknologioiden asentaminen kannattaa aina antaa Paikallis-S\u00e4hk\u00f6n kaltaisen luotettavan ammattilaisen hoidettavaksi.","breadcrumb":{"@id":"https:\/\/paikallis-sahko.fi\/en\/palvelut\/sahkourakointi\/#breadcrumb"},"inLanguage":"en-US","potentialAction":[{"@type":"ReadAction","target":["https:\/\/paikallis-sahko.fi\/en\/palvelut\/sahkourakointi\/"]}]},{"@type":"BreadcrumbList","@id":"https:\/\/paikallis-sahko.fi\/en\/palvelut\/sahkourakointi\/#breadcrumb","itemListElement":[{"@type":"ListItem","position":1,"name":"Etusivu","item":"https:\/\/paikallis-sahko.fi\/en\/"},{"@type":"ListItem","position":2,"name":"Palvelut","item":"https:\/\/paikallis-sahko.fi\/en\/palvelut\/"},{"@type":"ListItem","position":3,"name":"S\u00e4hk\u00f6urakointi"}]},{"@type":"WebSite","@id":"https:\/\/paikallis-sahko.fi\/en\/#website","url":"https:\/\/paikallis-sahko.fi\/en\/","name":"Paikallis S\u00e4hk\u00f6 Oy","description":"Me Paikallis-S\u00e4hk\u00f6ll\u00e4 asennamme, huollamme ja modernisoimme Pohjois-Suomen s\u00e4hk\u00f6j\u00e4 yli 150 ammattilaisen voimin.","publisher":{"@id":"https:\/\/paikallis-sahko.fi\/en\/#organization"},"potentialAction":[{"@type":"SearchAction","target":{"@type":"EntryPoint","urlTemplate":"https:\/\/paikallis-sahko.fi\/en\/?s={search_term_string}"},"query-input":{"@type":"PropertyValueSpecification","valueRequired":true,"valueName":"search_term_string"}}],"inLanguage":"en-US"},{"@type":"Organization","@id":"https:\/\/paikallis-sahko.fi\/en\/#organization","name":"Paikallis S\u00e4hk\u00f6 Oy","url":"https:\/\/paikallis-sahko.fi\/en\/","logo":{"@type":"ImageObject","inLanguage":"en-US","@id":"https:\/\/paikallis-sahko.fi\/en\/#\/schema\/logo\/image\/","url":"https:\/\/paikallis-sahko.fi\/wp-content\/uploads\/sites\/2\/2023\/06\/Paikallis-sa\u0308hko\u0308-logo-crop.png","contentUrl":"https:\/\/paikallis-sahko.fi\/wp-content\/uploads\/sites\/2\/2023\/06\/Paikallis-sa\u0308hko\u0308-logo-crop.png","width":834,"height":229,"caption":"Paikallis S\u00e4hk\u00f6 Oy"},"image":{"@id":"https:\/\/paikallis-sahko.fi\/en\/#\/schema\/logo\/image\/"},"sameAs":["https:\/\/www.facebook.com\/p\/Paikallis-Shk-Oy-100063841823277\/","https:\/\/x.com\/PSahko"]}]}},"_links":{"self":[{"href":"https:\/\/paikallis-sahko.fi\/en\/wp-json\/wp\/v2\/pages\/399","targetHints":{"allow":["GET"]}}],"collection":[{"href":"https:\/\/paikallis-sahko.fi\/en\/wp-json\/wp\/v2\/pages"}],"about":[{"href":"https:\/\/paikallis-sahko.fi\/en\/wp-json\/wp\/v2\/types\/page"}],"author":[{"embeddable":true,"href":"https:\/\/paikallis-sahko.fi\/en\/wp-json\/wp\/v2\/users\/3"}],"replies":[{"embeddable":true,"href":"https:\/\/paikallis-sahko.fi\/en\/wp-json\/wp\/v2\/comments?post=399"}],"version-history":[{"count":8,"href":"https:\/\/paikallis-sahko.fi\/en\/wp-json\/wp\/v2\/pages\/399\/revisions"}],"predecessor-version":[{"id":1324,"href":"https:\/\/paikallis-sahko.fi\/en\/wp-json\/wp\/v2\/pages\/399\/revisions\/1324"}],"up":[{"embeddable":true,"href":"https:\/\/paikallis-sahko.fi\/en\/wp-json\/wp\/v2\/pages\/178"}],"wp:attachment":[{"href":"https:\/\/paikallis-sahko.fi\/en\/wp-json\/wp\/v2\/media?parent=399"}],"curies":[{"name":"wp","href":"https:\/\/api.w.org\/{rel}","templated":true}]}}