{"id":396,"date":"2023-04-24T11:19:53","date_gmt":"2023-04-24T08:19:53","guid":{"rendered":"https:\/\/paikallis-sahko.fi\/?page_id=396"},"modified":"2023-08-07T08:46:00","modified_gmt":"2023-08-07T05:46:00","slug":"ennakkohuolto","status":"publish","type":"page","link":"https:\/\/paikallis-sahko.fi\/en\/palvelut\/ennakkohuolto\/","title":{"rendered":"Ennakkohuoltopalvelut"},"content":{"rendered":"\n<section id=\"default-anchor-69f376ceca41f\" class=\"block block-hero container-fluid\">\n    <div class=\"container\">\n        <div class=\"row\">\n            <div class=\"col-12\">\n                <div class=\"content\">\n                    <div class=\"row\">\n                        \n\n<div id=\"default-anchor-69f376cec9406\" class=\"block-innerblocks-container col-12 col-lg-6 block-column \">\n    <main class=\"entry-content\">\n        \n\n<h1 class=\"wp-block-heading\"><strong>Ennakko\u00adhuolto\u00ad\u00adpalvelut<\/strong><\/h1>\n\n\n    <\/main>\n<\/div>\n\n\n<div id=\"default-anchor-69f376cec9591\" class=\"block-innerblocks-container col-12 col-lg-6 block-column \">\n    <main class=\"entry-content\">\n        \n\n<p><\/p>\n\n\n\n\n    <\/main>\n<\/div>\n\n                    <\/div>\n                <\/div>\n            <\/div>\n\n\n            <div class=\"col-12 col-lg-8 offset-lg-2 image-col\">\n                                <div class=\"hero-image-wrapper\">\n                    <img decoding=\"async\" src=\"https:\/\/paikallis-sahko.fi\/wp-content\/uploads\/sites\/2\/2023\/08\/Kuormaerottimen-ultraaanitutkimus93.jpg\" width=\"2000\" height=\"1125\" class=\"hero-image no-lazy\" alt=\"Ennakkohuolto, Paikallis-S\u00e4hk\u00f6\">                    <img decoding=\"async\" src=\"https:\/\/paikallis-sahko.fi\/wp-content\/uploads\/sites\/2\/2023\/08\/Kuormaerottimen-ultraaanitutkimus93.jpg\" width=\"2000\" height=\"1125\" class=\"hero-image-mobile no-lazy\" alt=\"Ennakkohuolto, Paikallis-S\u00e4hk\u00f6\">                                    <\/div>\n                \n                            <\/div>\n        <\/div>\n    <\/div>\n<\/section>\n\n\n<section id=\"default-anchor-69f376ceca882\" class=\"block block-content-wrapper container-fluid container-fluid \">\n    <div class=\"container\">\n        <div class=\"row\">\n            <div class=\"col-12 col-lg-8\">\n                <main class=\"entry-content\">\n                    \n\n<p>S\u00e4hk\u00f6laitteistojen huollon laiminly\u00f6nti lis\u00e4\u00e4 huomattavasti palovahinkoriski\u00e4. Mit\u00e4 kauemmin piilev\u00e4 vika vaikuttaa, sit\u00e4 suuremmat vahingot ja korjauskustannukset se yleens\u00e4 aiheuttaa.&nbsp;<\/p>\n\n\n\n<p>Vastuu s\u00e4hk\u00f6laitteistojen asianmukaisesta ja turvallisesta toiminnasta on laitteistojen haltijalla.<\/p>\n\n\n\n<p>S\u00e4hk\u00f6laitteistojen s\u00e4\u00e4nn\u00f6llisill\u00e4 huoltotoimenpiteill\u00e4 voidaan ehk\u00e4ist\u00e4 s\u00e4hk\u00f6n aiheuttamien vaaratilanteiden ja tulipalon vaaraa, sek\u00e4 auttaa laitteiston haltijaa pit\u00e4m\u00e4\u00e4n laitteisto s\u00e4hk\u00f6turvallisuuslain edellytt\u00e4m\u00e4ss\u00e4 kunnossa.<\/p>\n\n\n\n<h3 class=\"wp-block-heading\">Lis\u00e4\u00e4 turvallisuutta, v\u00e4hemm\u00e4n keskeytyksi\u00e4 ja kustannuksia<\/h3>\n\n\n\n<p>S\u00e4hk\u00f6laitteistojen asianmukainen ja luotettava toiminta edellytt\u00e4\u00e4 vastuullisen ammattilaisen m\u00e4\u00e4r\u00e4ajon suorittamia mittauksia ja tarkastuksia. Ennakkohuollon tavoitteena on ehk\u00e4ist\u00e4 vikojen syntymist\u00e4 ja pident\u00e4\u00e4 laitteistojen k\u00e4ytt\u00f6ik\u00e4\u00e4.<\/p>\n\n\n\n<p>Paikallis-S\u00e4hk\u00f6 huolehtii tarvittavista ennakkohuollon toimenpiteist\u00e4 ja auttaa tekem\u00e4\u00e4n yksil\u00f6lliset huolto- ja kunnossapitosuunnitelmat. Niiden avulla laitteistosi pysyy toimintakuntoisena ja prosessisi k\u00e4ynniss\u00e4 ilman odottamattomia katkoksia.<\/p>\n\n\n                <\/main>\n            <\/div>\n\n                        <div class=\"col-12 col-lg-4 col-xl-3 offset-xl-1\">\n                \n    <div class=\"nav-secondary\">\n        <ul class=\"menu top-menu\">\n            <li class=\"menu-item\">\n                <a href=\"https:\/\/paikallis-sahko.fi\/en\/palvelut\/\">Palvelut<\/a>\n                <ul class=\"sub-menu\">\n                                            <li class=\"menu-item\"><a href=\"https:\/\/paikallis-sahko.fi\/en\/palvelut\/aurinkopaneelit\/\" target=\"\">Aurinkopaneelit<\/a><\/li>\n                                            <li class=\"menu-item current\"><a href=\"https:\/\/paikallis-sahko.fi\/en\/palvelut\/ennakkohuolto\/\" target=\"\">Ennakkohuoltopalvelut<\/a><\/li>\n                                            <li class=\"menu-item\"><a href=\"https:\/\/paikallis-sahko.fi\/en\/palvelut\/sahkoasemat\/\" target=\"\">S\u00e4hk\u00f6asemat<\/a><\/li>\n                                            <li class=\"menu-item\"><a href=\"https:\/\/paikallis-sahko.fi\/en\/palvelut\/sahkoautojen-latausasemat\/\" target=\"\">S\u00e4hk\u00f6autojen latausasemat<\/a><\/li>\n                                            <li class=\"menu-item\"><a href=\"https:\/\/paikallis-sahko.fi\/en\/palvelut\/sahkohuolto-ja-yllapito\/\" target=\"\">S\u00e4hk\u00f6huolto ja yll\u00e4pito<\/a><\/li>\n                                            <li class=\"menu-item\"><a href=\"https:\/\/paikallis-sahko.fi\/en\/palvelut\/sahkourakointi\/\" target=\"\">S\u00e4hk\u00f6urakointi<\/a><\/li>\n                                            <li class=\"menu-item\"><a href=\"https:\/\/paikallis-sahko.fi\/en\/palvelut\/turvajarjestelmat\/\" target=\"\">Turvaj\u00e4rjestelm\u00e4t\u00a0<\/a><\/li>\n                                    <\/ul>\n            <\/li>\n        <\/ul>\n    <\/div>\n    \n            <\/div>\n                    <\/div>\n    <\/div>\n<\/section>","protected":false},"excerpt":{"rendered":"<p>Laitteistojen pito s\u00e4hk\u00f6turvallisuuslain edellytt\u00e4m\u00e4ss\u00e4 kunnossa on haltijan vastuulla, mutta se edellytt\u00e4\u00e4 vastuullisen ammattilaisen tekemi\u00e4 tarkistuksia.<\/p>\n","protected":false},"author":3,"featured_media":0,"parent":178,"menu_order":0,"comment_status":"closed","ping_status":"closed","template":"","meta":{"_acf_changed":false,"_relevanssi_hide_post":"","_relevanssi_hide_content":"","_relevanssi_pin_for_all":"","_relevanssi_pin_keywords":"","_relevanssi_unpin_keywords":"","_relevanssi_related_keywords":"","_relevanssi_related_include_ids":"","_relevanssi_related_exclude_ids":"","_relevanssi_related_no_append":"","_relevanssi_related_not_related":"","_relevanssi_related_posts":"1141,1132,1216,1309,1183,1136","_relevanssi_noindex_reason":"","footnotes":""},"class_list":["post-396","page","type-page","status-publish","hentry"],"acf":[],"yoast_head":"<!-- This site is optimized with the Yoast SEO plugin v27.4 - https:\/\/yoast.com\/product\/yoast-seo-wordpress\/ -->\n<title>Ennakkohuoltopalvelut - Paikallis S\u00e4hk\u00f6 Oy<\/title>\n<meta name=\"description\" content=\"Laitteistojen pito s\u00e4hk\u00f6turvallisuuslain edellytt\u00e4m\u00e4ss\u00e4 kunnossa on haltijan vastuulla, mutta se edellytt\u00e4\u00e4 vastuullisen ammattilaisen tekemi\u00e4 tarkistuksia.\" \/>\n<meta name=\"robots\" content=\"index, follow, max-snippet:-1, max-image-preview:large, max-video-preview:-1\" \/>\n<link rel=\"canonical\" href=\"https:\/\/paikallis-sahko.fi\/en\/palvelut\/ennakkohuolto\/\" \/>\n<meta property=\"og:locale\" content=\"en_US\" \/>\n<meta property=\"og:type\" content=\"article\" \/>\n<meta property=\"og:title\" content=\"Ennakkohuolto | Palvelumme\" \/>\n<meta property=\"og:description\" content=\"Lis\u00e4\u00e4 turvallisuutta, v\u00e4hemm\u00e4n keskeytyksi\u00e4 ja kustannuksia\" \/>\n<meta property=\"og:url\" content=\"https:\/\/paikallis-sahko.fi\/en\/palvelut\/ennakkohuolto\/\" \/>\n<meta property=\"og:site_name\" content=\"Paikallis S\u00e4hk\u00f6 Oy\" \/>\n<meta property=\"article:publisher\" content=\"https:\/\/www.facebook.com\/p\/Paikallis-Shk-Oy-100063841823277\/\" \/>\n<meta property=\"article:modified_time\" content=\"2023-08-07T05:46:00+00:00\" \/>\n<meta property=\"og:image\" content=\"https:\/\/paikallis-sahko.fi\/wp-content\/uploads\/sites\/2\/2023\/04\/Paikallis-Sahko_110423_web_RM_09627-1.jpg\" \/>\n\t<meta property=\"og:image:width\" content=\"2048\" \/>\n\t<meta property=\"og:image:height\" content=\"1365\" \/>\n\t<meta property=\"og:image:type\" content=\"image\/jpeg\" \/>\n<meta name=\"twitter:card\" content=\"summary_large_image\" \/>\n<meta name=\"twitter:site\" content=\"@PSahko\" \/>\n<meta name=\"twitter:label1\" content=\"Est. reading time\" \/>\n\t<meta name=\"twitter:data1\" content=\"1 minute\" \/>\n<script type=\"application\/ld+json\" class=\"yoast-schema-graph\">{\"@context\":\"https:\\\/\\\/schema.org\",\"@graph\":[{\"@type\":\"WebPage\",\"@id\":\"https:\\\/\\\/paikallis-sahko.fi\\\/en\\\/palvelut\\\/ennakkohuolto\\\/\",\"url\":\"https:\\\/\\\/paikallis-sahko.fi\\\/en\\\/palvelut\\\/ennakkohuolto\\\/\",\"name\":\"Ennakkohuoltopalvelut - Paikallis S\u00e4hk\u00f6 Oy\",\"isPartOf\":{\"@id\":\"https:\\\/\\\/paikallis-sahko.fi\\\/en\\\/#website\"},\"datePublished\":\"2023-04-24T08:19:53+00:00\",\"dateModified\":\"2023-08-07T05:46:00+00:00\",\"description\":\"Laitteistojen pito s\u00e4hk\u00f6turvallisuuslain edellytt\u00e4m\u00e4ss\u00e4 kunnossa on haltijan vastuulla, mutta se edellytt\u00e4\u00e4 vastuullisen ammattilaisen tekemi\u00e4 tarkistuksia.\",\"breadcrumb\":{\"@id\":\"https:\\\/\\\/paikallis-sahko.fi\\\/en\\\/palvelut\\\/ennakkohuolto\\\/#breadcrumb\"},\"inLanguage\":\"en-US\",\"potentialAction\":[{\"@type\":\"ReadAction\",\"target\":[\"https:\\\/\\\/paikallis-sahko.fi\\\/en\\\/palvelut\\\/ennakkohuolto\\\/\"]}]},{\"@type\":\"BreadcrumbList\",\"@id\":\"https:\\\/\\\/paikallis-sahko.fi\\\/en\\\/palvelut\\\/ennakkohuolto\\\/#breadcrumb\",\"itemListElement\":[{\"@type\":\"ListItem\",\"position\":1,\"name\":\"Etusivu\",\"item\":\"https:\\\/\\\/paikallis-sahko.fi\\\/en\\\/\"},{\"@type\":\"ListItem\",\"position\":2,\"name\":\"Palvelut\",\"item\":\"https:\\\/\\\/paikallis-sahko.fi\\\/en\\\/palvelut\\\/\"},{\"@type\":\"ListItem\",\"position\":3,\"name\":\"Ennakkohuoltopalvelut\"}]},{\"@type\":\"WebSite\",\"@id\":\"https:\\\/\\\/paikallis-sahko.fi\\\/en\\\/#website\",\"url\":\"https:\\\/\\\/paikallis-sahko.fi\\\/en\\\/\",\"name\":\"Paikallis S\u00e4hk\u00f6 Oy\",\"description\":\"Me Paikallis-S\u00e4hk\u00f6ll\u00e4 asennamme, huollamme ja modernisoimme Pohjois-Suomen s\u00e4hk\u00f6j\u00e4 yli 150 ammattilaisen voimin.\",\"publisher\":{\"@id\":\"https:\\\/\\\/paikallis-sahko.fi\\\/en\\\/#organization\"},\"potentialAction\":[{\"@type\":\"SearchAction\",\"target\":{\"@type\":\"EntryPoint\",\"urlTemplate\":\"https:\\\/\\\/paikallis-sahko.fi\\\/en\\\/?s={search_term_string}\"},\"query-input\":{\"@type\":\"PropertyValueSpecification\",\"valueRequired\":true,\"valueName\":\"search_term_string\"}}],\"inLanguage\":\"en-US\"},{\"@type\":\"Organization\",\"@id\":\"https:\\\/\\\/paikallis-sahko.fi\\\/en\\\/#organization\",\"name\":\"Paikallis S\u00e4hk\u00f6 Oy\",\"url\":\"https:\\\/\\\/paikallis-sahko.fi\\\/en\\\/\",\"logo\":{\"@type\":\"ImageObject\",\"inLanguage\":\"en-US\",\"@id\":\"https:\\\/\\\/paikallis-sahko.fi\\\/en\\\/#\\\/schema\\\/logo\\\/image\\\/\",\"url\":\"https:\\\/\\\/paikallis-sahko.fi\\\/wp-content\\\/uploads\\\/sites\\\/2\\\/2023\\\/06\\\/Paikallis-sa\u0308hko\u0308-logo-crop.png\",\"contentUrl\":\"https:\\\/\\\/paikallis-sahko.fi\\\/wp-content\\\/uploads\\\/sites\\\/2\\\/2023\\\/06\\\/Paikallis-sa\u0308hko\u0308-logo-crop.png\",\"width\":834,\"height\":229,\"caption\":\"Paikallis S\u00e4hk\u00f6 Oy\"},\"image\":{\"@id\":\"https:\\\/\\\/paikallis-sahko.fi\\\/en\\\/#\\\/schema\\\/logo\\\/image\\\/\"},\"sameAs\":[\"https:\\\/\\\/www.facebook.com\\\/p\\\/Paikallis-Shk-Oy-100063841823277\\\/\",\"https:\\\/\\\/x.com\\\/PSahko\"]}]}<\/script>\n<!-- \/ Yoast SEO plugin. -->","yoast_head_json":{"title":"Ennakkohuoltopalvelut - Paikallis S\u00e4hk\u00f6 Oy","description":"Laitteistojen pito s\u00e4hk\u00f6turvallisuuslain edellytt\u00e4m\u00e4ss\u00e4 kunnossa on haltijan vastuulla, mutta se edellytt\u00e4\u00e4 vastuullisen ammattilaisen tekemi\u00e4 tarkistuksia.","robots":{"index":"index","follow":"follow","max-snippet":"max-snippet:-1","max-image-preview":"max-image-preview:large","max-video-preview":"max-video-preview:-1"},"canonical":"https:\/\/paikallis-sahko.fi\/en\/palvelut\/ennakkohuolto\/","og_locale":"en_US","og_type":"article","og_title":"Ennakkohuolto | Palvelumme","og_description":"Lis\u00e4\u00e4 turvallisuutta, v\u00e4hemm\u00e4n keskeytyksi\u00e4 ja kustannuksia","og_url":"https:\/\/paikallis-sahko.fi\/en\/palvelut\/ennakkohuolto\/","og_site_name":"Paikallis S\u00e4hk\u00f6 Oy","article_publisher":"https:\/\/www.facebook.com\/p\/Paikallis-Shk-Oy-100063841823277\/","article_modified_time":"2023-08-07T05:46:00+00:00","og_image":[{"width":2048,"height":1365,"url":"https:\/\/paikallis-sahko.fi\/wp-content\/uploads\/sites\/2\/2023\/04\/Paikallis-Sahko_110423_web_RM_09627-1.jpg","type":"image\/jpeg"}],"twitter_card":"summary_large_image","twitter_site":"@PSahko","twitter_misc":{"Est. reading time":"1 minute"},"schema":{"@context":"https:\/\/schema.org","@graph":[{"@type":"WebPage","@id":"https:\/\/paikallis-sahko.fi\/en\/palvelut\/ennakkohuolto\/","url":"https:\/\/paikallis-sahko.fi\/en\/palvelut\/ennakkohuolto\/","name":"Ennakkohuoltopalvelut - Paikallis S\u00e4hk\u00f6 Oy","isPartOf":{"@id":"https:\/\/paikallis-sahko.fi\/en\/#website"},"datePublished":"2023-04-24T08:19:53+00:00","dateModified":"2023-08-07T05:46:00+00:00","description":"Laitteistojen pito s\u00e4hk\u00f6turvallisuuslain edellytt\u00e4m\u00e4ss\u00e4 kunnossa on haltijan vastuulla, mutta se edellytt\u00e4\u00e4 vastuullisen ammattilaisen tekemi\u00e4 tarkistuksia.","breadcrumb":{"@id":"https:\/\/paikallis-sahko.fi\/en\/palvelut\/ennakkohuolto\/#breadcrumb"},"inLanguage":"en-US","potentialAction":[{"@type":"ReadAction","target":["https:\/\/paikallis-sahko.fi\/en\/palvelut\/ennakkohuolto\/"]}]},{"@type":"BreadcrumbList","@id":"https:\/\/paikallis-sahko.fi\/en\/palvelut\/ennakkohuolto\/#breadcrumb","itemListElement":[{"@type":"ListItem","position":1,"name":"Etusivu","item":"https:\/\/paikallis-sahko.fi\/en\/"},{"@type":"ListItem","position":2,"name":"Palvelut","item":"https:\/\/paikallis-sahko.fi\/en\/palvelut\/"},{"@type":"ListItem","position":3,"name":"Ennakkohuoltopalvelut"}]},{"@type":"WebSite","@id":"https:\/\/paikallis-sahko.fi\/en\/#website","url":"https:\/\/paikallis-sahko.fi\/en\/","name":"Paikallis S\u00e4hk\u00f6 Oy","description":"Me Paikallis-S\u00e4hk\u00f6ll\u00e4 asennamme, huollamme ja modernisoimme Pohjois-Suomen s\u00e4hk\u00f6j\u00e4 yli 150 ammattilaisen voimin.","publisher":{"@id":"https:\/\/paikallis-sahko.fi\/en\/#organization"},"potentialAction":[{"@type":"SearchAction","target":{"@type":"EntryPoint","urlTemplate":"https:\/\/paikallis-sahko.fi\/en\/?s={search_term_string}"},"query-input":{"@type":"PropertyValueSpecification","valueRequired":true,"valueName":"search_term_string"}}],"inLanguage":"en-US"},{"@type":"Organization","@id":"https:\/\/paikallis-sahko.fi\/en\/#organization","name":"Paikallis S\u00e4hk\u00f6 Oy","url":"https:\/\/paikallis-sahko.fi\/en\/","logo":{"@type":"ImageObject","inLanguage":"en-US","@id":"https:\/\/paikallis-sahko.fi\/en\/#\/schema\/logo\/image\/","url":"https:\/\/paikallis-sahko.fi\/wp-content\/uploads\/sites\/2\/2023\/06\/Paikallis-sa\u0308hko\u0308-logo-crop.png","contentUrl":"https:\/\/paikallis-sahko.fi\/wp-content\/uploads\/sites\/2\/2023\/06\/Paikallis-sa\u0308hko\u0308-logo-crop.png","width":834,"height":229,"caption":"Paikallis S\u00e4hk\u00f6 Oy"},"image":{"@id":"https:\/\/paikallis-sahko.fi\/en\/#\/schema\/logo\/image\/"},"sameAs":["https:\/\/www.facebook.com\/p\/Paikallis-Shk-Oy-100063841823277\/","https:\/\/x.com\/PSahko"]}]}},"_links":{"self":[{"href":"https:\/\/paikallis-sahko.fi\/en\/wp-json\/wp\/v2\/pages\/396","targetHints":{"allow":["GET"]}}],"collection":[{"href":"https:\/\/paikallis-sahko.fi\/en\/wp-json\/wp\/v2\/pages"}],"about":[{"href":"https:\/\/paikallis-sahko.fi\/en\/wp-json\/wp\/v2\/types\/page"}],"author":[{"embeddable":true,"href":"https:\/\/paikallis-sahko.fi\/en\/wp-json\/wp\/v2\/users\/3"}],"replies":[{"embeddable":true,"href":"https:\/\/paikallis-sahko.fi\/en\/wp-json\/wp\/v2\/comments?post=396"}],"version-history":[{"count":11,"href":"https:\/\/paikallis-sahko.fi\/en\/wp-json\/wp\/v2\/pages\/396\/revisions"}],"predecessor-version":[{"id":1382,"href":"https:\/\/paikallis-sahko.fi\/en\/wp-json\/wp\/v2\/pages\/396\/revisions\/1382"}],"up":[{"embeddable":true,"href":"https:\/\/paikallis-sahko.fi\/en\/wp-json\/wp\/v2\/pages\/178"}],"wp:attachment":[{"href":"https:\/\/paikallis-sahko.fi\/en\/wp-json\/wp\/v2\/media?parent=396"}],"curies":[{"name":"wp","href":"https:\/\/api.w.org\/{rel}","templated":true}]}}