{"id":394,"date":"2023-04-24T11:15:33","date_gmt":"2023-04-24T08:15:33","guid":{"rendered":"https:\/\/paikallis-sahko.fi\/?page_id=394"},"modified":"2023-07-04T09:34:31","modified_gmt":"2023-07-04T06:34:31","slug":"sahkohuolto-ja-yllapito","status":"publish","type":"page","link":"https:\/\/paikallis-sahko.fi\/en\/palvelut\/sahkohuolto-ja-yllapito\/","title":{"rendered":"S\u00e4hk\u00f6huolto ja yll\u00e4pito"},"content":{"rendered":"\n<section id=\"default-anchor-69f3768694538\" class=\"block block-hero container-fluid\">\n    <div class=\"container\">\n        <div class=\"row\">\n            <div class=\"col-12\">\n                <div class=\"content\">\n                    <div class=\"row\">\n                        \n\n<div id=\"default-anchor-69f3768693a07\" class=\"block-innerblocks-container col-12 col-lg-6 block-column \">\n    <main class=\"entry-content\">\n        \n\n<h1 class=\"wp-block-heading\"><strong>S\u00e4hk\u00f6huolto ja yll\u00e4pito<\/strong><\/h1>\n\n\n    <\/main>\n<\/div>\n\n\n<div id=\"default-anchor-69f3768693bd3\" class=\"block-innerblocks-container col-12 col-lg-6 block-column \">\n    <main class=\"entry-content\">\n        \n\n<p><\/p>\n\n\n\n\n    <\/main>\n<\/div>\n\n                    <\/div>\n                <\/div>\n            <\/div>\n\n\n            <div class=\"col-12 col-lg-8 offset-lg-2 image-col\">\n                                <div class=\"hero-image-wrapper\">\n                    <img decoding=\"async\" src=\"https:\/\/paikallis-sahko.fi\/wp-content\/uploads\/sites\/2\/2023\/04\/Paikallis-Sahko_110423_web_RM_09609-1.jpg\" width=\"2048\" height=\"1365\" class=\"hero-image no-lazy\" alt=\"\">                    <img decoding=\"async\" src=\"https:\/\/paikallis-sahko.fi\/wp-content\/uploads\/sites\/2\/2023\/04\/Paikallis-Sahko_110423_web_RM_09609-1.jpg\" width=\"2048\" height=\"1365\" class=\"hero-image-mobile no-lazy\" alt=\"\">                                    <\/div>\n                \n                            <\/div>\n        <\/div>\n    <\/div>\n<\/section>\n\n\n<section id=\"default-anchor-69f3768694bc8\" class=\"block block-content-wrapper container-fluid container-fluid \">\n    <div class=\"container\">\n        <div class=\"row\">\n            <div class=\"col-12 col-lg-8\">\n                <main class=\"entry-content\">\n                    \n\n<p>Moitteettomasti toimiva talotekniikka on sek\u00e4 asumis- ja ty\u00f6skentelyviihtyvyyden ett\u00e4 kiinteist\u00f6n arvonkehityksen tae. Kun laitteistot ja j\u00e4rjestelm\u00e4t tarkastetaan ja huolletaan s\u00e4\u00e4nn\u00f6llisesti, v\u00e4ltet\u00e4\u00e4n odottamattomia toimintah\u00e4iri\u00f6it\u00e4 ja rikkoontumisten aiheuttamia isoja remontteja. My\u00f6s tarvittavat korjaukset ja vaihdot uusiin malleihin on syyt\u00e4 suunnitella ja tehd\u00e4 ennen kuin vanhat sanovat sopimukset irti \u2013 n\u00e4in talotekniikka toimii koko ajan ilman suurempia h\u00e4iri\u00f6it\u00e4, laadukkaasti ja huomaamattomasti.<\/p>\n\n\n\n<h3 class=\"wp-block-heading\">Ennakoiva s\u00e4hk\u00f6huolto minimoi odottamattomat h\u00e4iri\u00f6t<\/h3>\n\n\n\n<p>Ennakoivat s\u00e4hk\u00f6huollon toimenpiteet kannattaa suunnitella ja ajoittaa niin, ett\u00e4 ne h\u00e4iritsev\u00e4t kiinteist\u00f6n arkea mahdollisimman v\u00e4h\u00e4n \u2013 esimerkiksi tuotantolaitoksissa on hyv\u00e4 hy\u00f6dynt\u00e4\u00e4 huoltoseisokit niin kattavasti kuin se on laitteistojen ja j\u00e4rjestelmien toiminnan ja elinkaaren kannalta j\u00e4rkev\u00e4\u00e4.&nbsp;<\/p>\n\n\n\n<h5 class=\"wp-block-heading\">Paikallis-S\u00e4hk\u00f6n asiantuntijat auttavat suunnittelemaan ja toteuttamaan esimerkiksi n\u00e4iden laitteistojen ja j\u00e4rjestelmien huollot ja asennukset:<\/h5>\n\n\n\n<ul class=\"wp-block-list\">\n<li>S\u00e4hk\u00f6- ja telej\u00e4rjestelm\u00e4t<\/li>\n\n\n\n<li>H\u00e4lytys- ja valvontaj\u00e4rjestelm\u00e4t<\/li>\n\n\n\n<li>Electrolux Professional -pesulatuotteet<\/li>\n\n\n\n<li>Vammaisj\u00e4rjestelm\u00e4t<\/li>\n\n\n\n<li>Vaaka- ja kassap\u00f6yt\u00e4j\u00e4rjestelm\u00e4t<\/li>\n\n\n\n<li>Pullonpalautusj\u00e4rjestelm\u00e4t<\/li>\n\n\n\n<li>\u00c4\u00e4nentoistoj\u00e4rjestelm\u00e4t<\/li>\n\n\n\n<li>Antennij\u00e4rjestelm\u00e4t<\/li>\n\n\n\n<li>Dieta-suurkeitti\u00f6laitteet<\/li>\n<\/ul>\n\n\n\n<p>Muissa talotekniikan huolto-, korjaus- ja modernisointiasioissa ohjaamme sinut mielell\u00e4mme l\u00e4himm\u00e4n <a href=\"https:\/\/qmg.fi\/yhtiot\/\" target=\"_blank\" rel=\"noreferrer noopener\">QMG-sisaryrityksemme<\/a> asiantuntijalle.<\/p>\n\n\n\n\n                <\/main>\n            <\/div>\n\n                        <div class=\"col-12 col-lg-4 col-xl-3 offset-xl-1\">\n                \n    <div class=\"nav-secondary\">\n        <ul class=\"menu top-menu\">\n            <li class=\"menu-item\">\n                <a href=\"https:\/\/paikallis-sahko.fi\/en\/palvelut\/\">Palvelut<\/a>\n                <ul class=\"sub-menu\">\n                                            <li class=\"menu-item\"><a href=\"https:\/\/paikallis-sahko.fi\/en\/palvelut\/aurinkopaneelit\/\" target=\"\">Aurinkopaneelit<\/a><\/li>\n                                            <li class=\"menu-item\"><a href=\"https:\/\/paikallis-sahko.fi\/en\/palvelut\/ennakkohuolto\/\" target=\"\">Ennakkohuoltopalvelut<\/a><\/li>\n                                            <li class=\"menu-item\"><a href=\"https:\/\/paikallis-sahko.fi\/en\/palvelut\/sahkoasemat\/\" target=\"\">S\u00e4hk\u00f6asemat<\/a><\/li>\n                                            <li class=\"menu-item\"><a href=\"https:\/\/paikallis-sahko.fi\/en\/palvelut\/sahkoautojen-latausasemat\/\" target=\"\">S\u00e4hk\u00f6autojen latausasemat<\/a><\/li>\n                                            <li class=\"menu-item current\"><a href=\"https:\/\/paikallis-sahko.fi\/en\/palvelut\/sahkohuolto-ja-yllapito\/\" target=\"\">S\u00e4hk\u00f6huolto ja yll\u00e4pito<\/a><\/li>\n                                            <li class=\"menu-item\"><a href=\"https:\/\/paikallis-sahko.fi\/en\/palvelut\/sahkourakointi\/\" target=\"\">S\u00e4hk\u00f6urakointi<\/a><\/li>\n                                            <li class=\"menu-item\"><a href=\"https:\/\/paikallis-sahko.fi\/en\/palvelut\/turvajarjestelmat\/\" target=\"\">Turvaj\u00e4rjestelm\u00e4t\u00a0<\/a><\/li>\n                                    <\/ul>\n            <\/li>\n        <\/ul>\n    <\/div>\n    \n            <\/div>\n                    <\/div>\n    <\/div>\n<\/section>","protected":false},"excerpt":{"rendered":"<p>Laitteistojen ja j\u00e4rjestelmien s\u00e4\u00e4nn\u00f6llinen tarkastus ja huolto, samoin kuin niiden ajoissa uusiminen auttaa v\u00e4ltt\u00e4m\u00e4\u00e4n odottamattomat toimintah\u00e4iri\u00f6t ja remontit.<\/p>\n","protected":false},"author":3,"featured_media":0,"parent":178,"menu_order":0,"comment_status":"closed","ping_status":"closed","template":"","meta":{"_acf_changed":false,"_relevanssi_hide_post":"","_relevanssi_hide_content":"","_relevanssi_pin_for_all":"","_relevanssi_pin_keywords":"","_relevanssi_unpin_keywords":"","_relevanssi_related_keywords":"","_relevanssi_related_include_ids":"","_relevanssi_related_exclude_ids":"","_relevanssi_related_no_append":"","_relevanssi_related_not_related":"","_relevanssi_related_posts":"1206,1132,1141,1183,1216,1204","_relevanssi_noindex_reason":"","footnotes":""},"class_list":["post-394","page","type-page","status-publish","hentry"],"acf":[],"yoast_head":"<!-- This site is optimized with the Yoast SEO plugin v27.4 - https:\/\/yoast.com\/product\/yoast-seo-wordpress\/ -->\n<title>S\u00e4hk\u00f6huolto ja yll\u00e4pito - Paikallis S\u00e4hk\u00f6 Oy<\/title>\n<meta name=\"description\" content=\"Laitteistojen ja j\u00e4rjestelmien s\u00e4\u00e4nn\u00f6llinen tarkastus ja huolto, samoin kuin niiden ajoissa uusiminen auttaa v\u00e4ltt\u00e4m\u00e4\u00e4n odottamattomat toimintah\u00e4iri\u00f6t ja remontit.\" \/>\n<meta name=\"robots\" content=\"index, follow, max-snippet:-1, max-image-preview:large, max-video-preview:-1\" \/>\n<link rel=\"canonical\" href=\"https:\/\/paikallis-sahko.fi\/en\/palvelut\/sahkohuolto-ja-yllapito\/\" \/>\n<meta property=\"og:locale\" content=\"en_US\" \/>\n<meta property=\"og:type\" content=\"article\" \/>\n<meta property=\"og:title\" content=\"S\u00e4hk\u00f6huolto ja -yll\u00e4pito | Palvelumme\" \/>\n<meta property=\"og:description\" content=\"Ennakoiva s\u00e4hk\u00f6huolto minimoi odottamattomat h\u00e4iri\u00f6t\" \/>\n<meta property=\"og:url\" content=\"https:\/\/paikallis-sahko.fi\/en\/palvelut\/sahkohuolto-ja-yllapito\/\" \/>\n<meta property=\"og:site_name\" content=\"Paikallis S\u00e4hk\u00f6 Oy\" \/>\n<meta property=\"article:publisher\" content=\"https:\/\/www.facebook.com\/p\/Paikallis-Shk-Oy-100063841823277\/\" \/>\n<meta property=\"article:modified_time\" content=\"2023-07-04T06:34:31+00:00\" \/>\n<meta property=\"og:image\" content=\"https:\/\/paikallis-sahko.fi\/wp-content\/uploads\/sites\/2\/2023\/04\/Paikallis-Sahko_110423_web_RM_09609-1.jpg\" \/>\n\t<meta property=\"og:image:width\" content=\"2048\" \/>\n\t<meta property=\"og:image:height\" content=\"1365\" \/>\n\t<meta property=\"og:image:type\" content=\"image\/jpeg\" \/>\n<meta name=\"twitter:card\" content=\"summary_large_image\" \/>\n<meta name=\"twitter:site\" content=\"@PSahko\" \/>\n<meta name=\"twitter:label1\" content=\"Est. reading time\" \/>\n\t<meta name=\"twitter:data1\" content=\"1 minute\" \/>\n<script type=\"application\/ld+json\" class=\"yoast-schema-graph\">{\"@context\":\"https:\\\/\\\/schema.org\",\"@graph\":[{\"@type\":\"WebPage\",\"@id\":\"https:\\\/\\\/paikallis-sahko.fi\\\/en\\\/palvelut\\\/sahkohuolto-ja-yllapito\\\/\",\"url\":\"https:\\\/\\\/paikallis-sahko.fi\\\/en\\\/palvelut\\\/sahkohuolto-ja-yllapito\\\/\",\"name\":\"S\u00e4hk\u00f6huolto ja yll\u00e4pito - Paikallis S\u00e4hk\u00f6 Oy\",\"isPartOf\":{\"@id\":\"https:\\\/\\\/paikallis-sahko.fi\\\/en\\\/#website\"},\"datePublished\":\"2023-04-24T08:15:33+00:00\",\"dateModified\":\"2023-07-04T06:34:31+00:00\",\"description\":\"Laitteistojen ja j\u00e4rjestelmien s\u00e4\u00e4nn\u00f6llinen tarkastus ja huolto, samoin kuin niiden ajoissa uusiminen auttaa v\u00e4ltt\u00e4m\u00e4\u00e4n odottamattomat toimintah\u00e4iri\u00f6t ja remontit.\",\"breadcrumb\":{\"@id\":\"https:\\\/\\\/paikallis-sahko.fi\\\/en\\\/palvelut\\\/sahkohuolto-ja-yllapito\\\/#breadcrumb\"},\"inLanguage\":\"en-US\",\"potentialAction\":[{\"@type\":\"ReadAction\",\"target\":[\"https:\\\/\\\/paikallis-sahko.fi\\\/en\\\/palvelut\\\/sahkohuolto-ja-yllapito\\\/\"]}]},{\"@type\":\"BreadcrumbList\",\"@id\":\"https:\\\/\\\/paikallis-sahko.fi\\\/en\\\/palvelut\\\/sahkohuolto-ja-yllapito\\\/#breadcrumb\",\"itemListElement\":[{\"@type\":\"ListItem\",\"position\":1,\"name\":\"Etusivu\",\"item\":\"https:\\\/\\\/paikallis-sahko.fi\\\/en\\\/\"},{\"@type\":\"ListItem\",\"position\":2,\"name\":\"Palvelut\",\"item\":\"https:\\\/\\\/paikallis-sahko.fi\\\/en\\\/palvelut\\\/\"},{\"@type\":\"ListItem\",\"position\":3,\"name\":\"S\u00e4hk\u00f6huolto ja yll\u00e4pito\"}]},{\"@type\":\"WebSite\",\"@id\":\"https:\\\/\\\/paikallis-sahko.fi\\\/en\\\/#website\",\"url\":\"https:\\\/\\\/paikallis-sahko.fi\\\/en\\\/\",\"name\":\"Paikallis S\u00e4hk\u00f6 Oy\",\"description\":\"Me Paikallis-S\u00e4hk\u00f6ll\u00e4 asennamme, huollamme ja modernisoimme Pohjois-Suomen s\u00e4hk\u00f6j\u00e4 yli 150 ammattilaisen voimin.\",\"publisher\":{\"@id\":\"https:\\\/\\\/paikallis-sahko.fi\\\/en\\\/#organization\"},\"potentialAction\":[{\"@type\":\"SearchAction\",\"target\":{\"@type\":\"EntryPoint\",\"urlTemplate\":\"https:\\\/\\\/paikallis-sahko.fi\\\/en\\\/?s={search_term_string}\"},\"query-input\":{\"@type\":\"PropertyValueSpecification\",\"valueRequired\":true,\"valueName\":\"search_term_string\"}}],\"inLanguage\":\"en-US\"},{\"@type\":\"Organization\",\"@id\":\"https:\\\/\\\/paikallis-sahko.fi\\\/en\\\/#organization\",\"name\":\"Paikallis S\u00e4hk\u00f6 Oy\",\"url\":\"https:\\\/\\\/paikallis-sahko.fi\\\/en\\\/\",\"logo\":{\"@type\":\"ImageObject\",\"inLanguage\":\"en-US\",\"@id\":\"https:\\\/\\\/paikallis-sahko.fi\\\/en\\\/#\\\/schema\\\/logo\\\/image\\\/\",\"url\":\"https:\\\/\\\/paikallis-sahko.fi\\\/wp-content\\\/uploads\\\/sites\\\/2\\\/2023\\\/06\\\/Paikallis-sa\u0308hko\u0308-logo-crop.png\",\"contentUrl\":\"https:\\\/\\\/paikallis-sahko.fi\\\/wp-content\\\/uploads\\\/sites\\\/2\\\/2023\\\/06\\\/Paikallis-sa\u0308hko\u0308-logo-crop.png\",\"width\":834,\"height\":229,\"caption\":\"Paikallis S\u00e4hk\u00f6 Oy\"},\"image\":{\"@id\":\"https:\\\/\\\/paikallis-sahko.fi\\\/en\\\/#\\\/schema\\\/logo\\\/image\\\/\"},\"sameAs\":[\"https:\\\/\\\/www.facebook.com\\\/p\\\/Paikallis-Shk-Oy-100063841823277\\\/\",\"https:\\\/\\\/x.com\\\/PSahko\"]}]}<\/script>\n<!-- \/ Yoast SEO plugin. -->","yoast_head_json":{"title":"S\u00e4hk\u00f6huolto ja yll\u00e4pito - Paikallis S\u00e4hk\u00f6 Oy","description":"Laitteistojen ja j\u00e4rjestelmien s\u00e4\u00e4nn\u00f6llinen tarkastus ja huolto, samoin kuin niiden ajoissa uusiminen auttaa v\u00e4ltt\u00e4m\u00e4\u00e4n odottamattomat toimintah\u00e4iri\u00f6t ja remontit.","robots":{"index":"index","follow":"follow","max-snippet":"max-snippet:-1","max-image-preview":"max-image-preview:large","max-video-preview":"max-video-preview:-1"},"canonical":"https:\/\/paikallis-sahko.fi\/en\/palvelut\/sahkohuolto-ja-yllapito\/","og_locale":"en_US","og_type":"article","og_title":"S\u00e4hk\u00f6huolto ja -yll\u00e4pito | Palvelumme","og_description":"Ennakoiva s\u00e4hk\u00f6huolto minimoi odottamattomat h\u00e4iri\u00f6t","og_url":"https:\/\/paikallis-sahko.fi\/en\/palvelut\/sahkohuolto-ja-yllapito\/","og_site_name":"Paikallis S\u00e4hk\u00f6 Oy","article_publisher":"https:\/\/www.facebook.com\/p\/Paikallis-Shk-Oy-100063841823277\/","article_modified_time":"2023-07-04T06:34:31+00:00","og_image":[{"width":2048,"height":1365,"url":"https:\/\/paikallis-sahko.fi\/wp-content\/uploads\/sites\/2\/2023\/04\/Paikallis-Sahko_110423_web_RM_09609-1.jpg","type":"image\/jpeg"}],"twitter_card":"summary_large_image","twitter_site":"@PSahko","twitter_misc":{"Est. reading time":"1 minute"},"schema":{"@context":"https:\/\/schema.org","@graph":[{"@type":"WebPage","@id":"https:\/\/paikallis-sahko.fi\/en\/palvelut\/sahkohuolto-ja-yllapito\/","url":"https:\/\/paikallis-sahko.fi\/en\/palvelut\/sahkohuolto-ja-yllapito\/","name":"S\u00e4hk\u00f6huolto ja yll\u00e4pito - Paikallis S\u00e4hk\u00f6 Oy","isPartOf":{"@id":"https:\/\/paikallis-sahko.fi\/en\/#website"},"datePublished":"2023-04-24T08:15:33+00:00","dateModified":"2023-07-04T06:34:31+00:00","description":"Laitteistojen ja j\u00e4rjestelmien s\u00e4\u00e4nn\u00f6llinen tarkastus ja huolto, samoin kuin niiden ajoissa uusiminen auttaa v\u00e4ltt\u00e4m\u00e4\u00e4n odottamattomat toimintah\u00e4iri\u00f6t ja remontit.","breadcrumb":{"@id":"https:\/\/paikallis-sahko.fi\/en\/palvelut\/sahkohuolto-ja-yllapito\/#breadcrumb"},"inLanguage":"en-US","potentialAction":[{"@type":"ReadAction","target":["https:\/\/paikallis-sahko.fi\/en\/palvelut\/sahkohuolto-ja-yllapito\/"]}]},{"@type":"BreadcrumbList","@id":"https:\/\/paikallis-sahko.fi\/en\/palvelut\/sahkohuolto-ja-yllapito\/#breadcrumb","itemListElement":[{"@type":"ListItem","position":1,"name":"Etusivu","item":"https:\/\/paikallis-sahko.fi\/en\/"},{"@type":"ListItem","position":2,"name":"Palvelut","item":"https:\/\/paikallis-sahko.fi\/en\/palvelut\/"},{"@type":"ListItem","position":3,"name":"S\u00e4hk\u00f6huolto ja yll\u00e4pito"}]},{"@type":"WebSite","@id":"https:\/\/paikallis-sahko.fi\/en\/#website","url":"https:\/\/paikallis-sahko.fi\/en\/","name":"Paikallis S\u00e4hk\u00f6 Oy","description":"Me Paikallis-S\u00e4hk\u00f6ll\u00e4 asennamme, huollamme ja modernisoimme Pohjois-Suomen s\u00e4hk\u00f6j\u00e4 yli 150 ammattilaisen voimin.","publisher":{"@id":"https:\/\/paikallis-sahko.fi\/en\/#organization"},"potentialAction":[{"@type":"SearchAction","target":{"@type":"EntryPoint","urlTemplate":"https:\/\/paikallis-sahko.fi\/en\/?s={search_term_string}"},"query-input":{"@type":"PropertyValueSpecification","valueRequired":true,"valueName":"search_term_string"}}],"inLanguage":"en-US"},{"@type":"Organization","@id":"https:\/\/paikallis-sahko.fi\/en\/#organization","name":"Paikallis S\u00e4hk\u00f6 Oy","url":"https:\/\/paikallis-sahko.fi\/en\/","logo":{"@type":"ImageObject","inLanguage":"en-US","@id":"https:\/\/paikallis-sahko.fi\/en\/#\/schema\/logo\/image\/","url":"https:\/\/paikallis-sahko.fi\/wp-content\/uploads\/sites\/2\/2023\/06\/Paikallis-sa\u0308hko\u0308-logo-crop.png","contentUrl":"https:\/\/paikallis-sahko.fi\/wp-content\/uploads\/sites\/2\/2023\/06\/Paikallis-sa\u0308hko\u0308-logo-crop.png","width":834,"height":229,"caption":"Paikallis S\u00e4hk\u00f6 Oy"},"image":{"@id":"https:\/\/paikallis-sahko.fi\/en\/#\/schema\/logo\/image\/"},"sameAs":["https:\/\/www.facebook.com\/p\/Paikallis-Shk-Oy-100063841823277\/","https:\/\/x.com\/PSahko"]}]}},"_links":{"self":[{"href":"https:\/\/paikallis-sahko.fi\/en\/wp-json\/wp\/v2\/pages\/394","targetHints":{"allow":["GET"]}}],"collection":[{"href":"https:\/\/paikallis-sahko.fi\/en\/wp-json\/wp\/v2\/pages"}],"about":[{"href":"https:\/\/paikallis-sahko.fi\/en\/wp-json\/wp\/v2\/types\/page"}],"author":[{"embeddable":true,"href":"https:\/\/paikallis-sahko.fi\/en\/wp-json\/wp\/v2\/users\/3"}],"replies":[{"embeddable":true,"href":"https:\/\/paikallis-sahko.fi\/en\/wp-json\/wp\/v2\/comments?post=394"}],"version-history":[{"count":5,"href":"https:\/\/paikallis-sahko.fi\/en\/wp-json\/wp\/v2\/pages\/394\/revisions"}],"predecessor-version":[{"id":727,"href":"https:\/\/paikallis-sahko.fi\/en\/wp-json\/wp\/v2\/pages\/394\/revisions\/727"}],"up":[{"embeddable":true,"href":"https:\/\/paikallis-sahko.fi\/en\/wp-json\/wp\/v2\/pages\/178"}],"wp:attachment":[{"href":"https:\/\/paikallis-sahko.fi\/en\/wp-json\/wp\/v2\/media?parent=394"}],"curies":[{"name":"wp","href":"https:\/\/api.w.org\/{rel}","templated":true}]}}