{"id":178,"date":"2023-03-17T15:48:08","date_gmt":"2023-03-17T13:48:08","guid":{"rendered":"https:\/\/paikallis-sahko.fi\/?page_id=178"},"modified":"2023-09-08T11:05:48","modified_gmt":"2023-09-08T08:05:48","slug":"palvelut","status":"publish","type":"page","link":"https:\/\/paikallis-sahko.fi\/en\/palvelut\/","title":{"rendered":"Palvelut"},"content":{"rendered":"\n<section id=\"default-anchor-69f376817d8db\" class=\"block block-hero container-fluid\">\n    <div class=\"container\">\n        <div class=\"row\">\n            <div class=\"col-12\">\n                <div class=\"content\">\n                    <div class=\"row\">\n                        \n\n<div id=\"default-anchor-69f37681783bd\" class=\"block-innerblocks-container col-12 col-lg-6 block-column \">\n    <main class=\"entry-content\">\n        \n\n<h1 class=\"wp-block-heading\">Palvelumme<\/h1>\n\n\n    <\/main>\n<\/div>\n\n\n<div id=\"default-anchor-69f3768178578\" class=\"block-innerblocks-container col-12 col-lg-6 block-column \">\n    <main class=\"entry-content\">\n        \n\n<p>Paikallis-S\u00e4hk\u00f6n palvelut kattavat s\u00e4hk\u00f6urakoinnin ja -huollon sek\u00e4 yll\u00e4pidon lis\u00e4ksi ennakkohuoltopalvelut, s\u00e4hk\u00f6asemat, s\u00e4hk\u00f6ajoneuvojen latausj\u00e4rjestelm\u00e4t, kiinteist\u00f6jen turvaj\u00e4rjestelm\u00e4t sek\u00e4 aurinkos\u00e4hk\u00f6n ratkaisut. Me asennamme, huollamme ja uudistamme \u2013 jo yli 60 vuotta ajan tasalla.<\/p>\n\n\n\n<div class=\"wp-block-button\"><a class=\"wp-block-button__link wp-element-button\" href=\"#palvelut\">Tutustu palveluihimme<\/a><\/div>\n\n\n    <\/main>\n<\/div>\n\n                    <\/div>\n                <\/div>\n            <\/div>\n\n\n            <div class=\"col-12 col-lg-8 offset-lg-2 image-col\">\n                                <div class=\"hero-image-wrapper\">\n                    <img decoding=\"async\" src=\"https:\/\/paikallis-sahko.fi\/wp-content\/uploads\/sites\/2\/2023\/04\/Paikallis-Sahko_110423_web_RM_09765.jpg\" width=\"2048\" height=\"1365\" class=\"hero-image no-lazy\" alt=\"\">                    <img decoding=\"async\" src=\"https:\/\/paikallis-sahko.fi\/wp-content\/uploads\/sites\/2\/2023\/04\/Paikallis-Sahko_110423_web_RM_09765.jpg\" width=\"2048\" height=\"1365\" class=\"hero-image-mobile no-lazy\" alt=\"\">                                    <\/div>\n                \n                            <\/div>\n        <\/div>\n    <\/div>\n<\/section>\n\n\n<section id=\"palvelut\" class=\"block block-service-highlights mask container-fluid bg-lightgray\">\n        <div class=\"corner-mask\"><\/div>\n        <div class=\"container\">\n        <div class=\"row\">\n            \n                                <div class=\"col-12 col-md-6 col-xl-4 card-col\">\n                    \n                    \n<div class=\"card-service has-link\">\n            <div class=\"image-wrapper\" onclick=\"document.getElementById('card-link-69f3768189283').click();\">\n            <img decoding=\"async\" src=\"https:\/\/paikallis-sahko.fi\/wp-content\/uploads\/sites\/2\/2023\/04\/AdobeStock_481954878-2-768x431.jpg\" width=\"768\" height=\"431\" alt=\"Aurinkos\u00e4hk\u00f6j\u00e4rjestelm\u00e4\" loading=\"lazy\">        <\/div>\n    \n            <div class=\"entry-content\">\n                            <h2 class=\"service-title h4\">Aurinkos\u00e4hk\u00f6<\/h2>\n            \n                            <p class=\"text\"><p style=\"font-weight: 400;\">Aurinkovoimala pienent\u00e4\u00e4 energialaskua helposti ja vastuullisesti. Paikallis-S\u00e4hk\u00f6n tekemien suunnitelmien pohjalta sen saa my\u00f6s luotettavasti toteutettua.<\/p>\n<\/p>\n                    <\/div>\n    \n            <div class=\"button-holder\">\n            <a href=\"https:\/\/paikallis-sahko.fi\/palvelut\/aurinkopaneelit\/\" class=\"button\" id=\"card-link-69f3768189283\">Lue lis\u00e4\u00e4<\/a>        <\/div>\n    <\/div> \n\n                    <\/div>\n                                    <div class=\"col-12 col-md-6 col-xl-4 card-col\">\n                    \n                    \n<div class=\"card-service has-link\">\n            <div class=\"image-wrapper\" onclick=\"document.getElementById('card-link-69f37681892f4').click();\">\n            <img decoding=\"async\" src=\"https:\/\/paikallis-sahko.fi\/wp-content\/uploads\/sites\/2\/2023\/04\/Paikallis-Sahko_110423_web_RM_09583-1-768x512.jpg\" width=\"768\" height=\"512\" alt=\"\" loading=\"lazy\">        <\/div>\n    \n            <div class=\"entry-content\">\n                            <h2 class=\"service-title h4\">Ennakkohuoltopalvelut<\/h2>\n            \n                            <p class=\"text\"><p style=\"font-weight: 400;\">Laitteistojen pito s\u00e4hk\u00f6turvallisuuslain edellytt\u00e4m\u00e4ss\u00e4 kunnossa on haltijan vastuulla, mutta se edellytt\u00e4\u00e4 vastuullisen ammattilaisen tekemi\u00e4 tarkistuksia.<\/p>\n<\/p>\n                    <\/div>\n    \n            <div class=\"button-holder\">\n            <a href=\"https:\/\/paikallis-sahko.fi\/palvelut\/ennakkohuolto\/\" class=\"button\" id=\"card-link-69f37681892f4\">Lue lis\u00e4\u00e4<\/a>        <\/div>\n    <\/div> \n\n                    <\/div>\n                                    <div class=\"col-12 col-md-6 col-xl-4 card-col\">\n                    \n                    \n<div class=\"card-service has-link\">\n            <div class=\"image-wrapper\" onclick=\"document.getElementById('card-link-69f3768189350').click();\">\n            <img decoding=\"async\" src=\"https:\/\/paikallis-sahko.fi\/wp-content\/uploads\/sites\/2\/2023\/04\/sahkoautojen_lataus-e1682406989309-768x460.jpg\" width=\"768\" height=\"460\" alt=\"S\u00e4hk\u00f6autojen latausasema\" loading=\"lazy\">        <\/div>\n    \n            <div class=\"entry-content\">\n                            <h2 class=\"service-title h4\">Latausj\u00e4rjestelm\u00e4t<\/h2>\n            \n                            <p class=\"text\"><p style=\"font-weight: 400;\">S\u00e4hk\u00f6auton lataustolpat ovat yh\u00e4 t\u00e4rke\u00e4mpi vetovoimatekij\u00e4 yrityksille, kauppakeskuksille ja taloyhti\u00f6ille \u2013 parhaan ratkaisun saat meilt\u00e4.<\/p>\n<\/p>\n                    <\/div>\n    \n            <div class=\"button-holder\">\n            <a href=\"https:\/\/paikallis-sahko.fi\/palvelut\/sahkoautojen-latausasemat\/\" class=\"button\" id=\"card-link-69f3768189350\">Lue lis\u00e4\u00e4<\/a>        <\/div>\n    <\/div> \n\n                    <\/div>\n                                    <div class=\"col-12 col-md-6 col-xl-4 card-col\">\n                    \n                    \n<div class=\"card-service has-link\">\n            <div class=\"image-wrapper\" onclick=\"document.getElementById('card-link-69f376818939e').click();\">\n            <img decoding=\"async\" src=\"https:\/\/paikallis-sahko.fi\/wp-content\/uploads\/sites\/2\/2023\/04\/Paikallis-Sahko_110423_web_RM_09824-1-768x512.jpg\" width=\"768\" height=\"512\" alt=\"\" loading=\"lazy\">        <\/div>\n    \n            <div class=\"entry-content\">\n                            <h2 class=\"service-title h4\">S\u00e4hk\u00f6asemat<\/h2>\n            \n                            <p class=\"text\"><p style=\"font-weight: 400;\">S\u00e4hk\u00f6asemien toimintakyky vaikuttaa koko yhteiskunnan toimintaan. Niiden yll\u00e4pito edellytt\u00e4\u00e4 erityist\u00e4 ammattitaitoa ja nopeaa reagointikyky\u00e4.<\/p>\n<\/p>\n                    <\/div>\n    \n            <div class=\"button-holder\">\n            <a href=\"https:\/\/paikallis-sahko.fi\/palvelut\/sahkoasemat\/\" class=\"button\" id=\"card-link-69f376818939e\">Lue lis\u00e4\u00e4<\/a>        <\/div>\n    <\/div> \n\n                    <\/div>\n                                    <div class=\"col-12 col-md-6 col-xl-4 card-col\">\n                    \n                    \n<div class=\"card-service has-link\">\n            <div class=\"image-wrapper\" onclick=\"document.getElementById('card-link-69f37681893f4').click();\">\n            <img decoding=\"async\" src=\"https:\/\/paikallis-sahko.fi\/wp-content\/uploads\/sites\/2\/2023\/04\/Paikallis-Sahko_110423_web_RM_09609-1-768x512.jpg\" width=\"768\" height=\"512\" alt=\"\" loading=\"lazy\">        <\/div>\n    \n            <div class=\"entry-content\">\n                            <h2 class=\"service-title h4\">S\u00e4hk\u00f6huolto ja yll\u00e4pito<\/h2>\n            \n                            <p class=\"text\"><p style=\"font-weight: 400;\">Laitteistojen ja j\u00e4rjestelmien s\u00e4\u00e4nn\u00f6llinen tarkastus ja huolto, samoin kuin niiden ajoissa uusiminen auttaa v\u00e4ltt\u00e4m\u00e4\u00e4n odottamattomat toimintah\u00e4iri\u00f6t ja remontit.<\/p>\n<\/p>\n                    <\/div>\n    \n            <div class=\"button-holder\">\n            <a href=\"https:\/\/paikallis-sahko.fi\/palvelut\/sahkohuolto-ja-yllapito\/\" class=\"button\" id=\"card-link-69f37681893f4\">Lue lis\u00e4\u00e4<\/a>        <\/div>\n    <\/div> \n\n                    <\/div>\n                                    <div class=\"col-12 col-md-6 col-xl-4 card-col\">\n                    \n                    \n<div class=\"card-service has-link\">\n            <div class=\"image-wrapper\" onclick=\"document.getElementById('card-link-69f376818943d').click();\">\n            <img decoding=\"async\" src=\"https:\/\/paikallis-sahko.fi\/wp-content\/uploads\/sites\/2\/2023\/04\/Paikallis-Sahko_110423_web_RM_09566-768x512.jpg\" width=\"768\" height=\"512\" alt=\"\" loading=\"lazy\">        <\/div>\n    \n            <div class=\"entry-content\">\n                            <h2 class=\"service-title h4\">S\u00e4hk\u00f6urakointi<\/h2>\n            \n                            <p class=\"text\"><p style=\"font-weight: 400;\">Niin perinteinen s\u00e4hk\u00f6urakointi kuin uusien teknologioiden asentaminen kannattaa aina antaa Paikallis-S\u00e4hk\u00f6n kaltaisen luotettavan ammattilaisen hoidettavaksi.<\/p>\n<\/p>\n                    <\/div>\n    \n            <div class=\"button-holder\">\n            <a href=\"https:\/\/paikallis-sahko.fi\/palvelut\/sahkourakointi\/\" class=\"button\" id=\"card-link-69f376818943d\">Lue lis\u00e4\u00e4<\/a>        <\/div>\n    <\/div> \n\n                    <\/div>\n                                    <div class=\"col-12 col-md-6 col-xl-4 card-col\">\n                    \n                    \n<div class=\"card-service has-link\">\n            <div class=\"image-wrapper\" onclick=\"document.getElementById('card-link-69f3768189483').click();\">\n            <img decoding=\"async\" src=\"https:\/\/paikallis-sahko.fi\/wp-content\/uploads\/sites\/2\/2023\/04\/QMG-Capcon-260321_1_-768x511.jpg\" width=\"768\" height=\"511\" alt=\"\" loading=\"lazy\">        <\/div>\n    \n            <div class=\"entry-content\">\n                            <h2 class=\"service-title h4\">Turvaj\u00e4rjestelm\u00e4t<\/h2>\n            \n                            <p class=\"text\"><p style=\"font-weight: 400;\">Tarpeiden mukaan suunniteltu ja luotettavasti asennettu turvaj\u00e4rjestelm\u00e4 lis\u00e4\u00e4 huolettomuutta, tehostaa riskien hallintaa ja voi jopa pienent\u00e4\u00e4 vakuutusmaksuja.<\/p>\n<\/p>\n                    <\/div>\n    \n            <div class=\"button-holder\">\n            <a href=\"https:\/\/paikallis-sahko.fi\/palvelut\/turvajarjestelmat\/\" class=\"button\" id=\"card-link-69f3768189483\">Lue lis\u00e4\u00e4<\/a>        <\/div>\n    <\/div> \n\n                    <\/div>\n                        <\/div>\n    <\/div>\n<\/section>","protected":false},"excerpt":{"rendered":"","protected":false},"author":1,"featured_media":0,"parent":0,"menu_order":0,"comment_status":"closed","ping_status":"closed","template":"","meta":{"_acf_changed":false,"_relevanssi_hide_post":"","_relevanssi_hide_content":"","_relevanssi_pin_for_all":"","_relevanssi_pin_keywords":"","_relevanssi_unpin_keywords":"","_relevanssi_related_keywords":"","_relevanssi_related_include_ids":"","_relevanssi_related_exclude_ids":"","_relevanssi_related_no_append":"","_relevanssi_related_not_related":"","_relevanssi_related_posts":"1216,1145,1136,1204,1206,1202","_relevanssi_noindex_reason":"","footnotes":""},"class_list":["post-178","page","type-page","status-publish","hentry"],"acf":[],"yoast_head":"<!-- This site is optimized with the Yoast SEO plugin v27.4 - https:\/\/yoast.com\/product\/yoast-seo-wordpress\/ -->\n<title>Palvelut - Paikallis S\u00e4hk\u00f6 Oy<\/title>\n<meta name=\"robots\" content=\"index, follow, max-snippet:-1, max-image-preview:large, max-video-preview:-1\" \/>\n<link rel=\"canonical\" href=\"https:\/\/paikallis-sahko.fi\/en\/palvelut\/\" \/>\n<meta property=\"og:locale\" content=\"en_US\" \/>\n<meta property=\"og:type\" content=\"article\" \/>\n<meta property=\"og:title\" content=\"Palvelut\" \/>\n<meta property=\"og:url\" content=\"https:\/\/paikallis-sahko.fi\/en\/palvelut\/\" \/>\n<meta property=\"og:site_name\" content=\"Paikallis S\u00e4hk\u00f6 Oy\" \/>\n<meta property=\"article:publisher\" content=\"https:\/\/www.facebook.com\/p\/Paikallis-Shk-Oy-100063841823277\/\" \/>\n<meta property=\"article:modified_time\" content=\"2023-09-08T08:05:48+00:00\" \/>\n<meta property=\"og:image\" content=\"https:\/\/paikallis-sahko.fi\/wp-content\/uploads\/sites\/2\/2023\/04\/Paikallis-Sahko_110423_web_RM_09634-1.jpg\" \/>\n\t<meta property=\"og:image:width\" content=\"2048\" \/>\n\t<meta property=\"og:image:height\" content=\"1365\" \/>\n\t<meta property=\"og:image:type\" content=\"image\/jpeg\" \/>\n<meta name=\"twitter:card\" content=\"summary_large_image\" \/>\n<meta name=\"twitter:site\" content=\"@PSahko\" \/>\n<meta name=\"twitter:label1\" content=\"Est. reading time\" \/>\n\t<meta name=\"twitter:data1\" content=\"1 minute\" \/>\n<script type=\"application\/ld+json\" class=\"yoast-schema-graph\">{\"@context\":\"https:\\\/\\\/schema.org\",\"@graph\":[{\"@type\":\"WebPage\",\"@id\":\"https:\\\/\\\/paikallis-sahko.fi\\\/en\\\/palvelut\\\/\",\"url\":\"https:\\\/\\\/paikallis-sahko.fi\\\/en\\\/palvelut\\\/\",\"name\":\"Palvelut - Paikallis S\u00e4hk\u00f6 Oy\",\"isPartOf\":{\"@id\":\"https:\\\/\\\/paikallis-sahko.fi\\\/en\\\/#website\"},\"datePublished\":\"2023-03-17T13:48:08+00:00\",\"dateModified\":\"2023-09-08T08:05:48+00:00\",\"breadcrumb\":{\"@id\":\"https:\\\/\\\/paikallis-sahko.fi\\\/en\\\/palvelut\\\/#breadcrumb\"},\"inLanguage\":\"en-US\",\"potentialAction\":[{\"@type\":\"ReadAction\",\"target\":[\"https:\\\/\\\/paikallis-sahko.fi\\\/en\\\/palvelut\\\/\"]}]},{\"@type\":\"BreadcrumbList\",\"@id\":\"https:\\\/\\\/paikallis-sahko.fi\\\/en\\\/palvelut\\\/#breadcrumb\",\"itemListElement\":[{\"@type\":\"ListItem\",\"position\":1,\"name\":\"Etusivu\",\"item\":\"https:\\\/\\\/paikallis-sahko.fi\\\/en\\\/\"},{\"@type\":\"ListItem\",\"position\":2,\"name\":\"Palvelut\"}]},{\"@type\":\"WebSite\",\"@id\":\"https:\\\/\\\/paikallis-sahko.fi\\\/en\\\/#website\",\"url\":\"https:\\\/\\\/paikallis-sahko.fi\\\/en\\\/\",\"name\":\"Paikallis S\u00e4hk\u00f6 Oy\",\"description\":\"Me Paikallis-S\u00e4hk\u00f6ll\u00e4 asennamme, huollamme ja modernisoimme Pohjois-Suomen s\u00e4hk\u00f6j\u00e4 yli 150 ammattilaisen voimin.\",\"publisher\":{\"@id\":\"https:\\\/\\\/paikallis-sahko.fi\\\/en\\\/#organization\"},\"potentialAction\":[{\"@type\":\"SearchAction\",\"target\":{\"@type\":\"EntryPoint\",\"urlTemplate\":\"https:\\\/\\\/paikallis-sahko.fi\\\/en\\\/?s={search_term_string}\"},\"query-input\":{\"@type\":\"PropertyValueSpecification\",\"valueRequired\":true,\"valueName\":\"search_term_string\"}}],\"inLanguage\":\"en-US\"},{\"@type\":\"Organization\",\"@id\":\"https:\\\/\\\/paikallis-sahko.fi\\\/en\\\/#organization\",\"name\":\"Paikallis S\u00e4hk\u00f6 Oy\",\"url\":\"https:\\\/\\\/paikallis-sahko.fi\\\/en\\\/\",\"logo\":{\"@type\":\"ImageObject\",\"inLanguage\":\"en-US\",\"@id\":\"https:\\\/\\\/paikallis-sahko.fi\\\/en\\\/#\\\/schema\\\/logo\\\/image\\\/\",\"url\":\"https:\\\/\\\/paikallis-sahko.fi\\\/wp-content\\\/uploads\\\/sites\\\/2\\\/2023\\\/06\\\/Paikallis-sa\u0308hko\u0308-logo-crop.png\",\"contentUrl\":\"https:\\\/\\\/paikallis-sahko.fi\\\/wp-content\\\/uploads\\\/sites\\\/2\\\/2023\\\/06\\\/Paikallis-sa\u0308hko\u0308-logo-crop.png\",\"width\":834,\"height\":229,\"caption\":\"Paikallis S\u00e4hk\u00f6 Oy\"},\"image\":{\"@id\":\"https:\\\/\\\/paikallis-sahko.fi\\\/en\\\/#\\\/schema\\\/logo\\\/image\\\/\"},\"sameAs\":[\"https:\\\/\\\/www.facebook.com\\\/p\\\/Paikallis-Shk-Oy-100063841823277\\\/\",\"https:\\\/\\\/x.com\\\/PSahko\"]}]}<\/script>\n<!-- \/ Yoast SEO plugin. -->","yoast_head_json":{"title":"Palvelut - Paikallis S\u00e4hk\u00f6 Oy","robots":{"index":"index","follow":"follow","max-snippet":"max-snippet:-1","max-image-preview":"max-image-preview:large","max-video-preview":"max-video-preview:-1"},"canonical":"https:\/\/paikallis-sahko.fi\/en\/palvelut\/","og_locale":"en_US","og_type":"article","og_title":"Palvelut","og_url":"https:\/\/paikallis-sahko.fi\/en\/palvelut\/","og_site_name":"Paikallis S\u00e4hk\u00f6 Oy","article_publisher":"https:\/\/www.facebook.com\/p\/Paikallis-Shk-Oy-100063841823277\/","article_modified_time":"2023-09-08T08:05:48+00:00","og_image":[{"width":2048,"height":1365,"url":"https:\/\/paikallis-sahko.fi\/wp-content\/uploads\/sites\/2\/2023\/04\/Paikallis-Sahko_110423_web_RM_09634-1.jpg","type":"image\/jpeg"}],"twitter_card":"summary_large_image","twitter_site":"@PSahko","twitter_misc":{"Est. reading time":"1 minute"},"schema":{"@context":"https:\/\/schema.org","@graph":[{"@type":"WebPage","@id":"https:\/\/paikallis-sahko.fi\/en\/palvelut\/","url":"https:\/\/paikallis-sahko.fi\/en\/palvelut\/","name":"Palvelut - Paikallis S\u00e4hk\u00f6 Oy","isPartOf":{"@id":"https:\/\/paikallis-sahko.fi\/en\/#website"},"datePublished":"2023-03-17T13:48:08+00:00","dateModified":"2023-09-08T08:05:48+00:00","breadcrumb":{"@id":"https:\/\/paikallis-sahko.fi\/en\/palvelut\/#breadcrumb"},"inLanguage":"en-US","potentialAction":[{"@type":"ReadAction","target":["https:\/\/paikallis-sahko.fi\/en\/palvelut\/"]}]},{"@type":"BreadcrumbList","@id":"https:\/\/paikallis-sahko.fi\/en\/palvelut\/#breadcrumb","itemListElement":[{"@type":"ListItem","position":1,"name":"Etusivu","item":"https:\/\/paikallis-sahko.fi\/en\/"},{"@type":"ListItem","position":2,"name":"Palvelut"}]},{"@type":"WebSite","@id":"https:\/\/paikallis-sahko.fi\/en\/#website","url":"https:\/\/paikallis-sahko.fi\/en\/","name":"Paikallis S\u00e4hk\u00f6 Oy","description":"Me Paikallis-S\u00e4hk\u00f6ll\u00e4 asennamme, huollamme ja modernisoimme Pohjois-Suomen s\u00e4hk\u00f6j\u00e4 yli 150 ammattilaisen voimin.","publisher":{"@id":"https:\/\/paikallis-sahko.fi\/en\/#organization"},"potentialAction":[{"@type":"SearchAction","target":{"@type":"EntryPoint","urlTemplate":"https:\/\/paikallis-sahko.fi\/en\/?s={search_term_string}"},"query-input":{"@type":"PropertyValueSpecification","valueRequired":true,"valueName":"search_term_string"}}],"inLanguage":"en-US"},{"@type":"Organization","@id":"https:\/\/paikallis-sahko.fi\/en\/#organization","name":"Paikallis S\u00e4hk\u00f6 Oy","url":"https:\/\/paikallis-sahko.fi\/en\/","logo":{"@type":"ImageObject","inLanguage":"en-US","@id":"https:\/\/paikallis-sahko.fi\/en\/#\/schema\/logo\/image\/","url":"https:\/\/paikallis-sahko.fi\/wp-content\/uploads\/sites\/2\/2023\/06\/Paikallis-sa\u0308hko\u0308-logo-crop.png","contentUrl":"https:\/\/paikallis-sahko.fi\/wp-content\/uploads\/sites\/2\/2023\/06\/Paikallis-sa\u0308hko\u0308-logo-crop.png","width":834,"height":229,"caption":"Paikallis S\u00e4hk\u00f6 Oy"},"image":{"@id":"https:\/\/paikallis-sahko.fi\/en\/#\/schema\/logo\/image\/"},"sameAs":["https:\/\/www.facebook.com\/p\/Paikallis-Shk-Oy-100063841823277\/","https:\/\/x.com\/PSahko"]}]}},"_links":{"self":[{"href":"https:\/\/paikallis-sahko.fi\/en\/wp-json\/wp\/v2\/pages\/178","targetHints":{"allow":["GET"]}}],"collection":[{"href":"https:\/\/paikallis-sahko.fi\/en\/wp-json\/wp\/v2\/pages"}],"about":[{"href":"https:\/\/paikallis-sahko.fi\/en\/wp-json\/wp\/v2\/types\/page"}],"author":[{"embeddable":true,"href":"https:\/\/paikallis-sahko.fi\/en\/wp-json\/wp\/v2\/users\/1"}],"replies":[{"embeddable":true,"href":"https:\/\/paikallis-sahko.fi\/en\/wp-json\/wp\/v2\/comments?post=178"}],"version-history":[{"count":15,"href":"https:\/\/paikallis-sahko.fi\/en\/wp-json\/wp\/v2\/pages\/178\/revisions"}],"predecessor-version":[{"id":1619,"href":"https:\/\/paikallis-sahko.fi\/en\/wp-json\/wp\/v2\/pages\/178\/revisions\/1619"}],"wp:attachment":[{"href":"https:\/\/paikallis-sahko.fi\/en\/wp-json\/wp\/v2\/media?parent=178"}],"curies":[{"name":"wp","href":"https:\/\/api.w.org\/{rel}","templated":true}]}}